{"id":1054,"date":"2010-10-06T14:02:56","date_gmt":"2010-10-06T12:02:56","guid":{"rendered":"http:\/\/julienlahmi.com\/professeur"},"modified":"2010-10-06T14:28:14","modified_gmt":"2010-10-06T12:28:14","slug":"article-du-pariscope-sur-lodyssee-de-monsieur-personne","status":"publish","type":"page","link":"https:\/\/julienlahmi.com\/professeur\/le-professeur\/article-du-pariscope-sur-lodyssee-de-monsieur-personne\/","title":{"rendered":"Article du Pariscope"},"content":{"rendered":"<p><strong><a href=\"http:\/\/julienlahmi.com\/professeur\/wp-content\/uploads\/2010\/10\/Eole.jpg\" rel=\"lightbox[1054]\"><img loading=\"lazy\" class=\"alignnone size-full wp-image-1057\" title=\"Eole\" src=\"http:\/\/julienlahmi.com\/professeur\/wp-content\/uploads\/2010\/10\/Eole.jpg\" alt=\"\" width=\"800\" height=\"531\" srcset=\"https:\/\/julienlahmi.com\/professeur\/wp-content\/uploads\/2010\/10\/Eole.jpg 800w, https:\/\/julienlahmi.com\/professeur\/wp-content\/uploads\/2010\/10\/Eole-300x199.jpg 300w\" sizes=\"(max-width: 800px) 100vw, 800px\" \/><\/a>Pariscope du 6 au 12 octobre 2010, par Caroline Munsch<\/strong><\/p>\n<p><strong><em>\u00ab\u00a0Un vieux monsieur  s\u2019est assoupi devant son poste de t\u00e9l\u00e9vision en panne. R\u00e9veill\u00e9 par sa  femme de m\u00e9nage, il peste de n\u2019avoir pu consulter les     r\u00e9sultats du loto. Et puis o\u00f9 est son chien\u00a0? Et le chat sur ses  genoux, comment s\u2019appelle-t-il\u00a0? Pelote\u00a0? P\u00e9n\u00e9lope\u00a0? Il ne sait plus  tr\u00e8s bien au fond, car il a perdu la     boule\u2026 D\u2019ailleurs qui est-il\u00a0? C\u2019est ce qu\u2019il va tenter de d\u00e9couvrir  au cours du spectacle. Aid\u00e9 de Circ\u00e9, de Mademoiselle Calypso, des  Lotophages, d\u2019Eole et de bien d\u2019autres personnages     illustres de la mythologie, Monsieur Personne part en qu\u00eate de son  identit\u00e9. <strong>Cette pi\u00e8ce nous fait vivre \u00ab\u00a0L\u2019Odyss\u00e9e\u00a0\u00bb \u00e0  contre-courant. Une fa\u00e7on ludique et originale     d\u2019interpr\u00e9ter cette formidable aventure. Denis Barr\u00e9, H\u00e9lo\u00efse Martin  et Patricia Varnay, mis en sc\u00e8ne par Philippe Ferran sont d\u00e9tonants.  Avec une belle \u00e9nergie, ils nous embarquent dans ce     voyage fantaisiste bourr\u00e9 d\u2019humour, chaleureusement accueilli par  le public.\u00a0\u00bb<\/strong><\/em><\/strong><\/p>\n","protected":false},"excerpt":{"rendered":"Pariscope du 6 au 12 octobre 2010, par Caroline Munsch\n\u00ab\u00a0Un vieux monsieur  s\u2019est assoupi devant son poste de t\u00e9l\u00e9vision en panne. R\u00e9veill\u00e9 par sa &hellip;","protected":false},"author":2,"featured_media":0,"parent":9,"menu_order":0,"comment_status":"open","ping_status":"open","template":"","meta":[],"_links":{"self":[{"href":"https:\/\/julienlahmi.com\/professeur\/wp-json\/wp\/v2\/pages\/1054"}],"collection":[{"href":"https:\/\/julienlahmi.com\/professeur\/wp-json\/wp\/v2\/pages"}],"about":[{"href":"https:\/\/julienlahmi.com\/professeur\/wp-json\/wp\/v2\/types\/page"}],"author":[{"embeddable":true,"href":"https:\/\/julienlahmi.com\/professeur\/wp-json\/wp\/v2\/users\/2"}],"replies":[{"embeddable":true,"href":"https:\/\/julienlahmi.com\/professeur\/wp-json\/wp\/v2\/comments?post=1054"}],"version-history":[{"count":5,"href":"https:\/\/julienlahmi.com\/professeur\/wp-json\/wp\/v2\/pages\/1054\/revisions"}],"predecessor-version":[{"id":1065,"href":"https:\/\/julienlahmi.com\/professeur\/wp-json\/wp\/v2\/pages\/1054\/revisions\/1065"}],"up":[{"embeddable":true,"href":"https:\/\/julienlahmi.com\/professeur\/wp-json\/wp\/v2\/pages\/9"}],"wp:attachment":[{"href":"https:\/\/julienlahmi.com\/professeur\/wp-json\/wp\/v2\/media?parent=1054"}],"curies":[{"name":"wp","href":"https:\/\/api.w.org\/{rel}","templated":true}]}}