{"id":1094,"date":"2010-11-12T12:09:26","date_gmt":"2010-11-12T10:09:26","guid":{"rendered":"http:\/\/julienlahmi.com\/professeur"},"modified":"2011-02-11T16:49:34","modified_gmt":"2011-02-11T14:49:34","slug":"laveugle","status":"publish","type":"page","link":"https:\/\/julienlahmi.com\/professeur\/les-annees-passees\/2010-2011\/personnages-spectacle2011\/laveugle\/","title":{"rendered":"Lacudra"},"content":{"rendered":"<div>\n<div><!-- \t\t@page { margin: 2cm } \t\tP { margin-bottom: 0.21cm } \t\tA:link { so-language: zxx } --><\/p>\n<p><span style=\"font-family: Calibri,serif;\"><em><span style=\"text-decoration: underline;\">Nom du personnage :<\/span><\/em><\/span><span style=\"font-family: Calibri,serif;\"><em> <\/em><\/span><\/p>\n<p><span style=\"color: #984806;\"><span style=\"font-family: Calibri,serif;\">Par identit\u00e9s usurp\u00e9es\u00a0: LACUDRA<\/span><\/span><\/p>\n<p><span style=\"color: #984806;\"><span style=\"font-family: Calibri,serif;\">Parfois \u00ab\u00a0Docteur\u00a0\u00bb et parfois \u00ab\u00a0Comte\u00a0\u00bb<\/span><\/span><\/p>\n<p><span style=\"color: #984806;\"><span style=\"font-family: Calibri,serif;\">Mais en r\u00e9alit\u00e9\u00a0: CHALOM Ben Ha\u00efm<\/span><\/span><\/p>\n<p><span style=\"font-family: Calibri,serif;\"><em><span style=\"text-decoration: underline;\">R\u00e9f\u00e9rence <\/span><\/em><\/span><span style=\"font-family: Calibri,serif;\"><em>: <\/em><\/span><\/p>\n<p><span style=\"font-family: Calibri,serif;\"><em><span style=\"text-decoration: underline;\">Animal\u00a0:<\/span><\/em><\/span><span style=\"font-family: Calibri,serif;\"><em> <\/em><\/span><\/p>\n<p><span style=\"font-family: Calibri,serif;\"><em><span style=\"text-decoration: underline;\">Musique int\u00e9rieure : <\/span><\/em><\/span><\/p>\n<p><span style=\"color: #984806;\"><span style=\"font-family: Calibri,serif;\">Chanson \u00ab\u00a0Lily-Passion\u00a0\u00bb par BARBARA<\/span><\/span><\/p>\n<p><a href=\"http:\/\/www.deezer.com\/fr\/music\/barbara\/lily-passion-107168\">http:\/\/www.deezer.com\/fr\/music\/barbara\/lily-passion-107168#music\/barbara\/lily-passion-107168<\/a><\/p>\n<p><span style=\"font-family: Calibri,serif;\"><em><span style=\"text-decoration: underline;\">Musique ext\u00e9rieure\u00a0:<\/span><\/em><\/span><span style=\"font-family: Calibri,serif;\"><em> <\/em><\/span><\/p>\n<p><span style=\"color: #984806;\"><span style=\"font-family: Calibri,serif;\">Chanson \u00ab\u00a0La tendresse\u00a0\u00bb par Marie Lafor\u00eat<\/span><\/span><\/p>\n<p><a href=\"http:\/\/www.musicme.com\/\"><span style=\"font-family: Calibri,serif;\">http:\/\/www.musicme.com\/#\/Marie-Laforet\/albums\/Marie-Laforet-0731458378525.html?play=0731458378525-01_03<\/span><\/a><\/p>\n<p><span style=\"font-family: Calibri,serif;\"><em><span style=\"text-decoration: underline;\">Caract\u00e8re<\/span><\/em><\/span><span style=\"font-family: Calibri,serif;\"><em> : <\/em><\/span><\/p>\n<p><span style=\"color: #984806;\"><span style=\"font-family: Calibri,serif;\">Il s\u2019agit d\u2019un mystificateur. Il se fabrique plusieurs personnages, afin de vivre des vies plus exaltantes que la sienne, qui est m\u00e9diocre et triste. Afin des les rendre fortes, il pratique des \u00ab\u00a0compositions\u00a0\u00bb, outr\u00e9es et caricaturales, en exag\u00e9rant les trait, les expressions \u2026<\/span><\/span><\/p>\n<p><span style=\"font-family: Calibri,serif;\"><em><span style=\"text-decoration: underline;\">Back story\u00a0: <\/span><\/em><\/span><\/p>\n<p><span style=\"color: #984806;\"><span style=\"font-family: Calibri,serif;\">Il se pr\u00e9sente tour \u00e0 tour comme un m\u00e9decin psychiatre ou comme un Comte hongrois, selon les circonstances et les personnes qu\u2019il rencontre. Lorsqu\u2019il se fait passer pour un psy, il parvient \u00e0 mystifier d\u2019autres patients de l\u2019h\u00f4pital. Il peut m\u00eame r\u00e9ussir, si ce n\u2019est \u00e0 les gu\u00e9rir de leurs n\u00e9vroses, au moins \u00e0 les rendre apais\u00e9s, voire heureux. Lorsqu\u2019il se fait passer pour un Comte hongrois, riche et g\u00e9n\u00e9reux, un m\u00e9c\u00e8ne philanthrope, il parvient \u00e0 redonner espoir, en proposant son aide \u00e0 des projets un peu fous.<\/span><\/span><\/p>\n<p><span style=\"color: #984806;\"><span style=\"font-family: Calibri,serif;\">Lorsqu\u2019on le questionne sur son pass\u00e9, il s\u2019embrouille et h\u00e9site, car il invente et ment.<\/span><\/span><\/p>\n<p><span style=\"color: #984806;\"><span style=\"font-family: Calibri,serif;\">Il est trop sensible au charme f\u00e9minin et aimerait pouvoir s\u00e9duire tous les jupons qui passent. Il en devient fragile, mais touchant par son besoin effr\u00e9n\u00e9 de l\u2019amour des femmes. Il refuse son \u00e2ge avanc\u00e9, se croit toujours s\u00e9duisant, ne veut pas prendre conscience des ravages du temps, se fantasme toujours jeune, ne peut se voir tel qu\u2019il est. Ses illusions de conqu\u00eates f\u00e9minines le conduisent \u00e0 des d\u00e9pits permanents.<\/span><\/span><\/p>\n<p><span style=\"color: #984806;\"><span style=\"font-family: Calibri,serif;\">Il s\u2019agit en fait d\u2019un petit fonctionnaire, immigr\u00e9 d\u2019Afrique du Nord.<\/span><\/span><\/p>\n<p><span style=\"color: #984806;\"><span style=\"font-family: Calibri,serif;\">Il a fait une grave d\u00e9pression et a tent\u00e9 de se suicider. Ce qui explique sa pr\u00e9sence \u00e0 l\u2019h\u00f4pital psychiatrique. Sa \u00ab\u00a0schizophr\u00e9nie\u00a0\u00bb est la cons\u00e9quence d\u2019une grande frustration et d\u2019un d\u00e9sespoir. Il se voulait artiste, com\u00e9dien, et il n\u2019a \u00e9t\u00e9 que \u00ab\u00a0rond-de-cuir\u00a0\u00bb. Il avait honte de ses origines et il en \u00e9tait arriv\u00e9 \u00e0 nier et masquer sa v\u00e9ritable identit\u00e9.<\/span><\/span><\/p>\n<p><span style=\"color: #984806;\"><span style=\"font-family: Calibri,serif;\">Il a pass\u00e9 sa vie \u00e0 vouloir se faire passer pour quelqu\u2019un d\u2019autre, au point de ne plus savoir qui il est vraiment, de ne plus pouvoir \u00eatre lui-m\u00eame. Une sorte de perte d\u2019identit\u00e9, de d\u00e9doublement de la personnalit\u00e9 s\u2019est op\u00e9r\u00e9e, qui l\u2019a conduit \u00e0 une vie personnelle et affective impossible, car bas\u00e9e sur le mensonge.<\/span><\/span><\/p>\n<p><span style=\"font-family: Calibri,serif;\"><em><span style=\"text-decoration: underline;\">Profession <\/span><\/em><\/span><span style=\"font-family: Calibri,serif;\"><em>:<\/em><\/span><\/p>\n<p><span style=\"color: #984806;\"><span style=\"font-family: Calibri,serif;\">Biblioth\u00e9caire.<\/span><\/span><\/p>\n<p><span style=\"font-family: Calibri,serif;\"><em><span style=\"text-decoration: underline;\">Objectif <\/span><\/em><\/span><span style=\"font-family: Calibri,serif;\"><em>: <\/em><\/span><\/p>\n<p><span style=\"color: #984806;\"><span style=\"font-family: Calibri,serif;\">Il prend le pseudonyme de Docteur ou Comte Lacudra, qui est le verlan de Dracula, car il ne parvient pas \u00e0 dormir la nuit et se r\u00eave en \u00ab\u00a0vampire\u00a0\u00bb, allant se nourrir du sang des femmes.<\/span><\/span><\/p>\n<p><span style=\"font-family: Calibri,serif;\"><em><span style=\"text-decoration: underline;\">Evolution<\/span><\/em><\/span><span style=\"font-family: Calibri,serif;\"><em> : <\/em><\/span><\/p>\n<p><span style=\"color: #984806;\"><span style=\"font-family: Calibri,serif;\">Au cours de son s\u00e9jour \u00e0 l\u2019h\u00f4pital, et donc au cours de la pi\u00e8ce de th\u00e9\u00e2tre, les rencontres qu\u2019il va faire vont l\u2019amener \u00e0 se r\u00e9concilier avec lui-m\u00eame, \u00e0 se reconstruire, \u00e0 se r\u00e9v\u00e9ler \u00e0 lui et aux autres, \u00e0 trouver du bonheur et \u00e0 recouvrer la joie de vivre.<\/span><\/span><\/p>\n<p><span style=\"font-family: Calibri,serif;\"><em><span style=\"text-decoration: underline;\">Des choses qu&rsquo;il est capable de dire :<\/span><\/em><\/span><\/p>\n<p><span style=\"color: #984806;\"><span style=\"font-family: Calibri,serif;\">Je suis un \u00ab\u00a0Manager\u00a0\u00bb\u00a0! MANAGER\u00a0!!<\/span><\/span><\/p>\n<p><span style=\"color: #984806;\"><span style=\"font-family: Calibri,serif;\">Je vais toutes les \u00ab\u00a0bouffer\u00a0\u00bb\u00a0!<\/span><\/span><\/p>\n<p><span style=\"font-family: Calibri,serif;\"><em><span style=\"text-decoration: underline;\">Costume\u00a0:<\/span><\/em><\/span><\/p>\n<p><span style=\"color: #984806;\"><span style=\"font-family: Calibri,serif;\">V\u00eatu tout de noir au d\u00e9but de la pi\u00e8ce, il s\u2019habillera progressivement de blanc.<\/span><\/span><\/p>\n<p><span style=\"color: #984806;\"><span style=\"font-family: Calibri,serif;\">Une fleur rouge, symbole du sang et de la vie, viendra \u00e0 la fin orner sa chemise.<\/span><\/span><\/p>\n<p><span style=\"font-family: Calibri,serif;\"><em><span style=\"text-decoration: underline;\">Objets caract\u00e9ristiques :<\/span><\/em><\/span><\/p>\n<p><span style=\"color: #984806;\"><span style=\"font-family: Calibri,serif;\">Canne<\/span><\/span><\/p>\n<p><span style=\"color: #984806;\"><span style=\"font-family: Calibri,serif;\">Lunettes noires, mais par moments uniquement<\/span><\/span><\/p>\n<p><span style=\"font-family: Calibri,serif;\"><em><span style=\"text-decoration: underline;\">Gestes et mimiques caract\u00e9ristiques :<\/span><\/em><\/span><\/p>\n<p><span style=\"color: #984806;\"><span style=\"font-family: Calibri,serif;\">Bo\u00eete de la jambe droite<\/span><\/span><\/p>\n<p><span style=\"color: #984806;\"><span style=\"font-family: Calibri,serif;\">Pose son menton sur sa canne<\/span><\/span><\/p>\n<p><span style=\"font-family: Calibri,serif;\"><em><span style=\"text-decoration: underline;\">Construction physique du perso\u00a0:<\/span><\/em><\/span><\/p>\n<p><span style=\"color: #984806;\"><span style=\"font-family: Calibri,serif;\">Il se d\u00e9place avec une canne, car c\u2019est sa \u00ab\u00a0b\u00e9quille\u00a0\u00bb. En fait, il \u00ab\u00a0somatise\u00a0\u00bb. Symboliquement, il s\u2019est toujours \u00ab\u00a0couper les pattes\u00a0\u00bb, se fait des \u00ab\u00a0croque-en-jambes\u00a0\u00bb, pour se faire tr\u00e9bucher, s\u2019emp\u00eacher d\u2019avancer et avoir des alibis \u00e0 l\u2019\u00e9chec de sa vie. Parfois, il simule \u00e9galement la c\u00e9cit\u00e9. C\u2019est un stratag\u00e8me pour entrer en contact avec les filles, engager la conversation, obtenir leurs attentions, les attendrir, emp\u00eacher leur pr\u00e9vention et surtout les toucher.<\/span><\/span><\/p>\n<\/div>\n<\/div>\n","protected":false},"excerpt":{"rendered":"\n\nNom du personnage : \nPar identit\u00e9s usurp\u00e9es\u00a0: LACUDRA\nParfois \u00ab\u00a0Docteur\u00a0\u00bb et parfois \u00ab\u00a0Comte\u00a0\u00bb\nMais en r\u00e9alit\u00e9\u00a0: CHALOM Ben Ha\u00efm\nR\u00e9f\u00e9rence : \nAnimal\u00a0: \nMusique int\u00e9rieure : \nChanson \u00ab\u00a0Lily-Passion\u00a0\u00bb par &hellip;","protected":false},"author":2,"featured_media":0,"parent":1072,"menu_order":0,"comment_status":"open","ping_status":"open","template":"","meta":[],"_links":{"self":[{"href":"https:\/\/julienlahmi.com\/professeur\/wp-json\/wp\/v2\/pages\/1094"}],"collection":[{"href":"https:\/\/julienlahmi.com\/professeur\/wp-json\/wp\/v2\/pages"}],"about":[{"href":"https:\/\/julienlahmi.com\/professeur\/wp-json\/wp\/v2\/types\/page"}],"author":[{"embeddable":true,"href":"https:\/\/julienlahmi.com\/professeur\/wp-json\/wp\/v2\/users\/2"}],"replies":[{"embeddable":true,"href":"https:\/\/julienlahmi.com\/professeur\/wp-json\/wp\/v2\/comments?post=1094"}],"version-history":[{"count":12,"href":"https:\/\/julienlahmi.com\/professeur\/wp-json\/wp\/v2\/pages\/1094\/revisions"}],"predecessor-version":[{"id":1193,"href":"https:\/\/julienlahmi.com\/professeur\/wp-json\/wp\/v2\/pages\/1094\/revisions\/1193"}],"up":[{"embeddable":true,"href":"https:\/\/julienlahmi.com\/professeur\/wp-json\/wp\/v2\/pages\/1072"}],"wp:attachment":[{"href":"https:\/\/julienlahmi.com\/professeur\/wp-json\/wp\/v2\/media?parent=1094"}],"curies":[{"name":"wp","href":"https:\/\/api.w.org\/{rel}","templated":true}]}}