{"id":111,"date":"2010-08-26T16:29:00","date_gmt":"2010-08-26T14:29:00","guid":{"rendered":"http:\/\/julienlahmi.com\/professeur"},"modified":"2010-09-03T10:30:38","modified_gmt":"2010-09-03T08:30:38","slug":"2010-2","status":"publish","type":"page","link":"https:\/\/julienlahmi.com\/professeur\/les-annees-passees\/2010-2\/","title":{"rendered":"2010"},"content":{"rendered":"<p>Les cours de l&rsquo;ann\u00e9e 2010\u00a0ont \u00e9t\u00e9 riches en cascades, empoignades, embrassades, hurlements \u00e0 la lune, mots fleuris, sourires charmeurs, regards en coin.<\/p>\n<p>Ils ont\u00a0permis \u00e0 mes \u00e9l\u00e8ves du\u00a0groupe constitu\u00e9 <a href=\"http:\/\/julienlahmi.com\/professeur\/les-annees-passees\/2009-2\">l&rsquo;an pass\u00e9<\/a> \u00e0 la fois de muscler leur jeu et d&rsquo;arriver \u00e0 exprimer les sentiments minuscules.<\/p>\n<p>Ils ont pu d\u00e9ployer tout cela dans le cadre d&rsquo;une <a href=\"http:\/\/julienlahmi.com\/professeur\/les-annees-passees\/2069-3\">pi\u00e8ce <\/a>\u00e9crite et mise en sc\u00e8ne sp\u00e9cialement pour eux.<\/p>\n<p>2010\u00a0a \u00e9galement vu na\u00eetre un nouveau groupe, constitut\u00e9 de personnes qui, pour la plupart, d\u00e9couvraient le jeu d&rsquo;acteur.<\/p>\n<p>Ils ont appris \u00e0\u00a0\u00eatre simplement vrai face \u00e0 leurs partenaires de jeu,\u00a0\u00e0 avoir envie de leur\u00a0plaire, \u00e0 leur donner\u00a0quelque chose\u00a0de sinc\u00e8re.<em> <\/em><\/p>\n<p>Ils ont appris \u00e0 dompter leurs inqui\u00e9tudes et leurs peurs, \u00e0 jouer face aux regards des autres.<\/p>\n<p>Car, comme le dit l&rsquo;acteur\u00a0<strong>Eric ELMOSNINO :\u00a0\u00ab\u00a0<\/strong><em>Je suis un grand inquiet. Mais j\u2019ai appris \u00e0 aimer ma peur. Ma peur d\u2019\u00eatre mauvais, de souffrir, de m\u2019ennuyer, d\u2019\u00eatre d\u00e9\u00e7u. Tout ce qui me rend intranquille est pr\u00e9cieux. La peur, c\u2019est la lucidit\u00e9. Je vais \u00e0 sa rencontre pour acc\u00e9der \u00e0 l\u2019extr\u00eame confiance en moi que j\u2019ai au fond.\u00a0\u00bb <\/em><\/p>\n<p>Dans cette page, honneur est fait \u00e0 ce groupe qui a su aller jusqu&rsquo;au bout pour pr\u00e9senter \u00e0 un public un spectacle construit de sc\u00e8nes de film qu&rsquo;ensemble nous avons adapt\u00e9es au th\u00e9\u00e2tre.<\/p>\n<p>Dans l&rsquo;ordre alphab\u00e9tique :<\/p>\n<p><a href=\"http:\/\/julienlahmi.com\/professeur\/wp-content\/uploads\/2010\/08\/Adriana-joue-LA-PATRONNE-e1282831848885.jpg\" rel=\"lightbox[111]\"><\/a><\/p>\n<p><a href=\"http:\/\/julienlahmi.com\/professeur\/wp-content\/uploads\/2010\/08\/Samuel-joue-BERNARD.jpg\" rel=\"lightbox[111]\"><\/a><a href=\"http:\/\/julienlahmi.com\/professeur\/wp-content\/uploads\/2010\/08\/Philippe-joue-ANREW.jpg\" rel=\"lightbox[111]\"><\/a><\/p>\n<p><a href=\"http:\/\/julienlahmi.com\/professeur\/wp-content\/uploads\/2010\/08\/Selvi-joue-NELLY.jpg\" rel=\"lightbox[111]\"><\/a><a href=\"http:\/\/julienlahmi.com\/professeur\/wp-content\/uploads\/2010\/08\/Sylvain-joue-SAM.jpg\" rel=\"lightbox[111]\"><\/a><a href=\"http:\/\/julienlahmi.com\/professeur\/wp-content\/uploads\/2010\/08\/Yoann-joue-ALBERT.jpg\" rel=\"lightbox[111]\"><\/a><a href=\"http:\/\/julienlahmi.com\/professeur\/wp-content\/uploads\/2010\/08\/Nadia-joue-MARION.jpg\" rel=\"lightbox[111]\"><\/a><a href=\"http:\/\/julienlahmi.com\/professeur\/wp-content\/uploads\/2010\/08\/C\u00e9cile-joue-FRED.jpg\" rel=\"lightbox[111]\"><\/a><a href=\"http:\/\/julienlahmi.com\/professeur\/wp-content\/uploads\/2010\/08\/Christophe-joue-CARL.jpg\" rel=\"lightbox[111]\"><\/a><a href=\"http:\/\/julienlahmi.com\/professeur\/wp-content\/uploads\/2010\/08\/Mathilde-joue-NELLY.jpg\" rel=\"lightbox[111]\"><\/a>\n\t\t<style type=\"text\/css\">\n\t\t\t#gallery-1 {\n\t\t\t\tmargin: auto;\n\t\t\t}\n\t\t\t#gallery-1 .gallery-item {\n\t\t\t\tfloat: left;\n\t\t\t\tmargin-top: 10px;\n\t\t\t\ttext-align: center;\n\t\t\t\twidth: 25%;\n\t\t\t}\n\t\t\t#gallery-1 img {\n\t\t\t\tborder: 2px solid #cfcfcf;\n\t\t\t}\n\t\t\t#gallery-1 .gallery-caption {\n\t\t\t\tmargin-left: 0;\n\t\t\t}\n\t\t\t\/* see gallery_shortcode() in wp-includes\/media.php *\/\n\t\t<\/style>\n\t\t<div id='gallery-1' class='gallery galleryid-111 gallery-columns-4 gallery-size-thumbnail'><dl class='gallery-item'>\n\t\t\t<dt class='gallery-icon landscape'>\n\t\t\t\t<a href='https:\/\/julienlahmi.com\/professeur\/les-annees-passees\/2010-2\/adriana-joue-la-patronne\/'><img width=\"150\" height=\"150\" src=\"https:\/\/julienlahmi.com\/professeur\/wp-content\/uploads\/2010\/08\/Adriana-joue-LA-PATRONNE-e1282831848885-150x150.jpg\" class=\"attachment-thumbnail size-thumbnail\" alt=\"\" loading=\"lazy\" \/><\/a>\n\t\t\t<\/dt><\/dl><dl class='gallery-item'>\n\t\t\t<dt class='gallery-icon landscape'>\n\t\t\t\t<a href='https:\/\/julienlahmi.com\/professeur\/les-annees-passees\/2010-2\/andre-joue-albert\/'><img width=\"150\" height=\"150\" src=\"https:\/\/julienlahmi.com\/professeur\/wp-content\/uploads\/2010\/08\/Andr\u00e9-joue-ALBERT-150x150.jpg\" class=\"attachment-thumbnail size-thumbnail\" alt=\"\" loading=\"lazy\" \/><\/a>\n\t\t\t<\/dt><\/dl><dl class='gallery-item'>\n\t\t\t<dt class='gallery-icon landscape'>\n\t\t\t\t<a href='https:\/\/julienlahmi.com\/professeur\/les-annees-passees\/2010-2\/camille-joue-lili\/'><img width=\"150\" height=\"150\" src=\"https:\/\/julienlahmi.com\/professeur\/wp-content\/uploads\/2010\/08\/Camille-joue-LILI-e1282831968940-150x150.jpg\" class=\"attachment-thumbnail size-thumbnail\" alt=\"\" loading=\"lazy\" \/><\/a>\n\t\t\t<\/dt><\/dl><dl class='gallery-item'>\n\t\t\t<dt class='gallery-icon landscape'>\n\t\t\t\t<a href='https:\/\/julienlahmi.com\/professeur\/les-annees-passees\/2010-2\/cecile-joue-fred\/'><img width=\"150\" height=\"150\" src=\"https:\/\/julienlahmi.com\/professeur\/wp-content\/uploads\/2010\/08\/C\u00e9cile-joue-FRED-150x150.jpg\" class=\"attachment-thumbnail size-thumbnail\" alt=\"\" loading=\"lazy\" \/><\/a>\n\t\t\t<\/dt><\/dl><br style=\"clear: both\" \/><dl class='gallery-item'>\n\t\t\t<dt class='gallery-icon landscape'>\n\t\t\t\t<a href='https:\/\/julienlahmi.com\/professeur\/les-annees-passees\/2010-2\/christophe-joue-carl\/'><img width=\"150\" height=\"150\" src=\"https:\/\/julienlahmi.com\/professeur\/wp-content\/uploads\/2010\/08\/Christophe-joue-CARL-150x150.jpg\" class=\"attachment-thumbnail size-thumbnail\" alt=\"\" loading=\"lazy\" \/><\/a>\n\t\t\t<\/dt><\/dl><dl class='gallery-item'>\n\t\t\t<dt class='gallery-icon landscape'>\n\t\t\t\t<a href='https:\/\/julienlahmi.com\/professeur\/les-annees-passees\/2010-2\/mathilde-joue-nelly\/'><img width=\"150\" height=\"150\" src=\"https:\/\/julienlahmi.com\/professeur\/wp-content\/uploads\/2010\/08\/Mathilde-joue-NELLY-150x150.jpg\" class=\"attachment-thumbnail size-thumbnail\" alt=\"\" loading=\"lazy\" \/><\/a>\n\t\t\t<\/dt><\/dl><dl class='gallery-item'>\n\t\t\t<dt class='gallery-icon landscape'>\n\t\t\t\t<a href='https:\/\/julienlahmi.com\/professeur\/les-annees-passees\/2010-2\/nadia-joue-marion\/'><img width=\"150\" height=\"150\" src=\"https:\/\/julienlahmi.com\/professeur\/wp-content\/uploads\/2010\/08\/Nadia-joue-MARION-150x150.jpg\" class=\"attachment-thumbnail size-thumbnail\" alt=\"\" loading=\"lazy\" \/><\/a>\n\t\t\t<\/dt><\/dl><dl class='gallery-item'>\n\t\t\t<dt class='gallery-icon landscape'>\n\t\t\t\t<a href='https:\/\/julienlahmi.com\/professeur\/les-annees-passees\/2010-2\/philippe-joue-anrew\/'><img width=\"150\" height=\"150\" src=\"https:\/\/julienlahmi.com\/professeur\/wp-content\/uploads\/2010\/08\/Philippe-joue-ANREW-150x150.jpg\" class=\"attachment-thumbnail size-thumbnail\" alt=\"\" loading=\"lazy\" \/><\/a>\n\t\t\t<\/dt><\/dl><br style=\"clear: both\" \/><dl class='gallery-item'>\n\t\t\t<dt class='gallery-icon landscape'>\n\t\t\t\t<a href='https:\/\/julienlahmi.com\/professeur\/les-annees-passees\/2010-2\/samuel-joue-bernard\/'><img width=\"150\" height=\"150\" src=\"https:\/\/julienlahmi.com\/professeur\/wp-content\/uploads\/2010\/08\/Samuel-joue-BERNARD-150x150.jpg\" class=\"attachment-thumbnail size-thumbnail\" alt=\"\" loading=\"lazy\" \/><\/a>\n\t\t\t<\/dt><\/dl><dl class='gallery-item'>\n\t\t\t<dt class='gallery-icon landscape'>\n\t\t\t\t<a href='https:\/\/julienlahmi.com\/professeur\/les-annees-passees\/2010-2\/selvi-joue-nelly\/'><img width=\"150\" height=\"150\" src=\"https:\/\/julienlahmi.com\/professeur\/wp-content\/uploads\/2010\/08\/Selvi-joue-NELLY-150x150.jpg\" class=\"attachment-thumbnail size-thumbnail\" alt=\"\" loading=\"lazy\" \/><\/a>\n\t\t\t<\/dt><\/dl><dl class='gallery-item'>\n\t\t\t<dt class='gallery-icon landscape'>\n\t\t\t\t<a href='https:\/\/julienlahmi.com\/professeur\/les-annees-passees\/2010-2\/sylvain-joue-sam\/'><img width=\"150\" height=\"150\" src=\"https:\/\/julienlahmi.com\/professeur\/wp-content\/uploads\/2010\/08\/Sylvain-joue-SAM-150x150.jpg\" class=\"attachment-thumbnail size-thumbnail\" alt=\"\" loading=\"lazy\" \/><\/a>\n\t\t\t<\/dt><\/dl><dl class='gallery-item'>\n\t\t\t<dt class='gallery-icon landscape'>\n\t\t\t\t<a href='https:\/\/julienlahmi.com\/professeur\/les-annees-passees\/2010-2\/yoann-joue-albert\/'><img width=\"150\" height=\"150\" src=\"https:\/\/julienlahmi.com\/professeur\/wp-content\/uploads\/2010\/08\/Yoann-joue-ALBERT-150x150.jpg\" class=\"attachment-thumbnail size-thumbnail\" alt=\"\" loading=\"lazy\" \/><\/a>\n\t\t\t<\/dt><\/dl><br style=\"clear: both\" \/>\n\t\t<\/div>\n<\/p>\n<p><strong>Morceaux choisis en photos et en mots de la repr\u00e9sentation du 18 juin 2010 au soir \u00e0 L&rsquo;Esperluette :<\/strong><\/p>\n<p><a href=\"http:\/\/julienlahmi.com\/professeur\/les-annees-passees\/2010-2\/nuit-divresse\"><em> <\/em><\/a><em><a href=\"http:\/\/julienlahmi.com\/professeur\/les-annees-passees\/2010-2\/nuit-divresse\">Nuit d&rsquo;ivresse<\/a> <\/em><\/p>\n<p><a href=\"http:\/\/julienlahmi.com\/professeur\/les-annees-passees\/2010-2\/nelly-et-mr-arnaud\"><em><span style=\"text-decoration: underline;\">Nelly et Mr Arnaud<\/span><\/em><\/a><\/p>\n<p><a href=\"http:\/\/julienlahmi.com\/professeur\/les-annees-passees\/2010-2\/un-singe-en-hiver\"><em><span style=\"text-decoration: underline;\">Un singe en hiver<\/span><\/em><\/a><\/p>\n<p><a href=\"http:\/\/julienlahmi.com\/professeur\/les-annees-passees\/2010-2\/garden-state\"><em><span style=\"text-decoration: underline;\">Garden state<\/span><\/em><\/a><\/p>\n<p><a href=\"http:\/\/julienlahmi.com\/professeur\/les-annees-passees\/2010-2\/le-dernier-metro\"><em> <\/em><\/a><em><a href=\"http:\/\/julienlahmi.com\/professeur\/les-annees-passees\/2010-2\/le-dernier-metro\">Le dernier m\u00e9tro<\/a> <\/em><\/p>\n<p><a href=\"http:\/\/julienlahmi.com\/professeur\/le-concert\"><em><span style=\"text-decoration: underline;\">Le concert<\/span><\/em><\/a><\/p>\n<p><a href=\"http:\/\/julienlahmi.com\/professeur\/itineraire-dun-enfant-gate\"><em><span style=\"text-decoration: underline;\">Itin\u00e9raire d\u2019un enfant g\u00e2t\u00e9<\/span><\/em><\/a><\/p>\n<p><a href=\"http:\/\/julienlahmi.com\/professeur\/les-annees-passees\/2010-2\/quai-des-brumes\"><em><span style=\"text-decoration: underline;\">Quai des brumes<\/span><\/em><\/a><\/p>\n<p><a href=\"http:\/\/julienlahmi.com\/professeur\/je-vais-bien-ne-ten-fais-pas\"><em> <\/em><\/a><em><a href=\"http:\/\/julienlahmi.com\/professeur\/je-vais-bien-ne-ten-fais-pas\">Je vais bien, ne t\u2019en fais pas<\/a> <\/em><\/p>\n","protected":false},"excerpt":{"rendered":"Les cours de l&rsquo;ann\u00e9e 2010\u00a0ont \u00e9t\u00e9 riches en cascades, empoignades, embrassades, hurlements \u00e0 la lune, mots fleuris, sourires charmeurs, regards en coin.\nIls ont\u00a0permis \u00e0 mes &hellip;","protected":false},"author":2,"featured_media":0,"parent":11,"menu_order":0,"comment_status":"closed","ping_status":"closed","template":"","meta":[],"_links":{"self":[{"href":"https:\/\/julienlahmi.com\/professeur\/wp-json\/wp\/v2\/pages\/111"}],"collection":[{"href":"https:\/\/julienlahmi.com\/professeur\/wp-json\/wp\/v2\/pages"}],"about":[{"href":"https:\/\/julienlahmi.com\/professeur\/wp-json\/wp\/v2\/types\/page"}],"author":[{"embeddable":true,"href":"https:\/\/julienlahmi.com\/professeur\/wp-json\/wp\/v2\/users\/2"}],"replies":[{"embeddable":true,"href":"https:\/\/julienlahmi.com\/professeur\/wp-json\/wp\/v2\/comments?post=111"}],"version-history":[{"count":30,"href":"https:\/\/julienlahmi.com\/professeur\/wp-json\/wp\/v2\/pages\/111\/revisions"}],"predecessor-version":[{"id":133,"href":"https:\/\/julienlahmi.com\/professeur\/wp-json\/wp\/v2\/pages\/111\/revisions\/133"}],"up":[{"embeddable":true,"href":"https:\/\/julienlahmi.com\/professeur\/wp-json\/wp\/v2\/pages\/11"}],"wp:attachment":[{"href":"https:\/\/julienlahmi.com\/professeur\/wp-json\/wp\/v2\/media?parent=111"}],"curies":[{"name":"wp","href":"https:\/\/api.w.org\/{rel}","templated":true}]}}