{"id":13,"date":"2010-08-26T10:17:24","date_gmt":"2010-08-26T08:17:24","guid":{"rendered":"http:\/\/julienlahmi.com\/professeur\/?page_id=13"},"modified":"2010-09-09T15:06:46","modified_gmt":"2010-09-09T13:06:46","slug":"videos","status":"publish","type":"page","link":"https:\/\/julienlahmi.com\/professeur\/videos\/","title":{"rendered":"Vid\u00e9os"},"content":{"rendered":"<p><!-- Link and image removed by Remove First Image Plugin --><\/p>\n<div id=\"description\">Quelques images des sc\u00e8nes jou\u00e9es lors des  repr\u00e9sentations de fin d&rsquo;ann\u00e9e (cours loisir pour amateurs).<\/div>\n<p><a href=\"http:\/\/julienlahmi.com\/professeur\/les-annees-passees\/concentre-dexercices\"><img loading=\"lazy\" class=\"alignnone size-medium wp-image-687\" title=\"Concentr\u00e9 d'exercices\" src=\"http:\/\/julienlahmi.com\/professeur\/wp-content\/uploads\/2010\/08\/Num\u00e9riser00061-233x300.jpg\" alt=\"\" width=\"233\" height=\"300\" srcset=\"https:\/\/julienlahmi.com\/professeur\/wp-content\/uploads\/2010\/08\/Num\u00e9riser00061-233x300.jpg 233w, https:\/\/julienlahmi.com\/professeur\/wp-content\/uploads\/2010\/08\/Num\u00e9riser00061-796x1024.jpg 796w, https:\/\/julienlahmi.com\/professeur\/wp-content\/uploads\/2010\/08\/Num\u00e9riser00061.jpg 992w\" sizes=\"(max-width: 233px) 100vw, 233px\" \/><\/a><\/p>\n<div id=\"description\">Quelques images montrant les \u00e9l\u00e8ves en action lors  d&rsquo;exercices de formation (cours loisir pour amateurs).<\/div>\n<p><a href=\"http:\/\/julienlahmi.com\/professeur\/les-annees-passees\/2069-3\"><img loading=\"lazy\" class=\"alignnone size-medium wp-image-684\" title=\"Teaser 2069\" src=\"http:\/\/julienlahmi.com\/professeur\/wp-content\/uploads\/2010\/08\/Bernard-Buffet-Head-Of-The-Clown-452762-259x300.jpg\" alt=\"\" width=\"259\" height=\"300\" srcset=\"https:\/\/julienlahmi.com\/professeur\/wp-content\/uploads\/2010\/08\/Bernard-Buffet-Head-Of-The-Clown-452762-259x300.jpg 259w, https:\/\/julienlahmi.com\/professeur\/wp-content\/uploads\/2010\/08\/Bernard-Buffet-Head-Of-The-Clown-452762.jpg 409w\" sizes=\"(max-width: 259px) 100vw, 259px\" \/><\/a><\/p>\n<p>Deux minutes d&rsquo;images de ces com\u00e9diens qui, bien qu&rsquo;amateurs, se  donnent corps et \u00e2me sur les planches pour incarner une pi\u00e8ce  d&rsquo;anticipation intitul\u00e9e 2069.<\/p>\n<p><a href=\"http:\/\/julienlahmi.com\/professeur\/les-annees-passees\/2009-2\/the-hours\"><img loading=\"lazy\" class=\"alignnone size-medium wp-image-680\" title=\"Sc\u00e8ne &quot;The hours&quot;\" src=\"http:\/\/julienlahmi.com\/professeur\/wp-content\/uploads\/2010\/08\/The-hours-239x300.jpg\" alt=\"\" width=\"239\" height=\"300\" srcset=\"https:\/\/julienlahmi.com\/professeur\/wp-content\/uploads\/2010\/08\/The-hours-239x300.jpg 239w, https:\/\/julienlahmi.com\/professeur\/wp-content\/uploads\/2010\/08\/The-hours.jpg 472w\" sizes=\"(max-width: 239px) 100vw, 239px\" \/><\/a><\/p>\n<p>1er exemple d&rsquo;une sc\u00e8ne travaill\u00e9e par les \u00e9l\u00e8ves durant le cours.<\/p>\n<p><a href=\"http:\/\/julienlahmi.com\/professeur\/les-annees-passees\/2009-2\/la-fille-sur-le-pont\"><img loading=\"lazy\" class=\"alignnone size-medium wp-image-686\" title=\"Sc\u00e8ne &quot;La fille sur le pont&quot;\" src=\"http:\/\/julienlahmi.com\/professeur\/wp-content\/uploads\/2010\/08\/deux-com\u00e9dien-300x199.jpg\" alt=\"\" width=\"300\" height=\"199\" srcset=\"https:\/\/julienlahmi.com\/professeur\/wp-content\/uploads\/2010\/08\/deux-com\u00e9dien-300x199.jpg 300w, https:\/\/julienlahmi.com\/professeur\/wp-content\/uploads\/2010\/08\/deux-com\u00e9dien.jpg 709w\" sizes=\"(max-width: 300px) 100vw, 300px\" \/><\/a><\/p>\n<p>2\u00e8me exemple d&rsquo;une sc\u00e8ne travaill\u00e9e par les \u00e9l\u00e8ves durant le cours.<\/p>\n","protected":false},"excerpt":{"rendered":"\nQuelques images des sc\u00e8nes jou\u00e9es lors des  repr\u00e9sentations de fin d&rsquo;ann\u00e9e (cours loisir pour amateurs).\n\nQuelques images montrant les \u00e9l\u00e8ves en action lors  d&rsquo;exercices &hellip;","protected":false},"author":2,"featured_media":0,"parent":0,"menu_order":4,"comment_status":"open","ping_status":"open","template":"","meta":[],"_links":{"self":[{"href":"https:\/\/julienlahmi.com\/professeur\/wp-json\/wp\/v2\/pages\/13"}],"collection":[{"href":"https:\/\/julienlahmi.com\/professeur\/wp-json\/wp\/v2\/pages"}],"about":[{"href":"https:\/\/julienlahmi.com\/professeur\/wp-json\/wp\/v2\/types\/page"}],"author":[{"embeddable":true,"href":"https:\/\/julienlahmi.com\/professeur\/wp-json\/wp\/v2\/users\/2"}],"replies":[{"embeddable":true,"href":"https:\/\/julienlahmi.com\/professeur\/wp-json\/wp\/v2\/comments?post=13"}],"version-history":[{"count":34,"href":"https:\/\/julienlahmi.com\/professeur\/wp-json\/wp\/v2\/pages\/13\/revisions"}],"predecessor-version":[{"id":437,"href":"https:\/\/julienlahmi.com\/professeur\/wp-json\/wp\/v2\/pages\/13\/revisions\/437"}],"wp:attachment":[{"href":"https:\/\/julienlahmi.com\/professeur\/wp-json\/wp\/v2\/media?parent=13"}],"curies":[{"name":"wp","href":"https:\/\/api.w.org\/{rel}","templated":true}]}}