{"id":1491,"date":"2011-06-06T17:53:41","date_gmt":"2011-06-06T15:53:41","guid":{"rendered":"http:\/\/julienlahmi.com\/professeur\/?page_id=1491"},"modified":"2011-06-06T18:28:06","modified_gmt":"2011-06-06T16:28:06","slug":"le-contenu-pedagogique","status":"publish","type":"page","link":"https:\/\/julienlahmi.com\/professeur\/amateurs\/stages_loisir\/le-theatre-se-met-au-vert\/le-contenu-pedagogique\/","title":{"rendered":"Le contenu p\u00e9dagogique"},"content":{"rendered":"<p>Le plaisir de s&rsquo;exprimer, le bonheur de se l\u00e2cher mais comment ?<\/p>\n<p>Les acteurs font partie des rares artistes utilisant leur propre personne en guise d\u2019instrument. Et le corps est la corde de cet instrument la moins utilis\u00e9e dans la vie de tous les jours. Or le corps est un vecteur de sens, id\u00e9al pour traduire l&rsquo;extr\u00eamisme du monde d&rsquo;aujourd&rsquo;hui.<\/p>\n<p>L\u2019acteur dit tout quand ses mots et ses gestes sont support\u00e9s de tout son corps. Parfois les choses sont envoy\u00e9es par la voix et pas par le corps. Exemple: une voix affirm\u00e9e avec un corps f\u00e9brile. Si vous mettez de l\u2019\u00e9motion dans la voix, il faut aussi qu\u2019elle soit dans votre corps.<\/p>\n<p>&nbsp;<\/p>\n<p>Les objectifs p\u00e9dagogiques de ce stage \u00e9taient donc :<\/p>\n<p>1) de prendre conscience de ce que dit son corps et des endroits o\u00f9 il est entrav\u00e9<\/p>\n<p>2) d&rsquo;enrichir l&rsquo;\u00e9coute, les interactions avec ses partenaires de jeu et de danse.<\/p>\n<p>3) de donner un autre choix que les mots pour parler \u00e0 l&rsquo;autre<\/p>\n<p>(au th\u00e9\u00e2tre ou dans la vie de tous les jours)<\/p>\n<p>Pour agrandir cette expressivit\u00e9, nous avons exp\u00e9riment\u00e9 dans les deux sens oppos\u00e9s :<\/p>\n<p>le l\u00e2cher prise \/ la ma\u00eetrise<\/p>\n<p>Dans les cours de th\u00e9\u00e2tre, l&rsquo;accent a \u00e9t\u00e9 mis sur le l\u00e2cher prise, l&rsquo;audace, le d\u00e9veloppement et la confiance en son instinct. Le corps doit rester en partie impr\u00e9visible, m\u00eame pour celui qui joue. Le corps, c\u2019est l\u2019inconscient.<\/p>\n<p>Pour \u00eatre capable de briser les cadres en mati\u00e8re d&rsquo;expression corporelle, encore faut-il avoir explor\u00e9 de tous les c\u00f4t\u00e9s. C&rsquo;\u00e9tait l&rsquo;objectif des diff\u00e9rents exercices des 15 heures de th\u00e9\u00e2tre de ce stage.<\/p>\n<p>La ma\u00eetrise, la prise de conscience, la rigueur ont \u00e9t\u00e9 travaill\u00e9es plus particuli\u00e8rement par les 4H30 de cours de tango (prendre conscience de ses propres poids de corps, du corps de l&rsquo;autre etc &#8230;).<\/p>\n<p><a href=\"http:\/\/julienlahmi.com\/professeur\/stages_loisir\/le-theatre-se-met-au-vert\/le-contenu-pedagogique\/lintitule-des-seances-de-theatre\"><span style=\"color: #280099;\"><span style=\"font-family: Times New Roman,serif;\"><span style=\"font-size: small;\"><em><span style=\"text-decoration: underline;\">L&rsquo;intitul\u00e9 des s\u00e9ances de th\u00e9\u00e2tre<\/span><\/em><\/span><\/span><\/span><\/a><\/p>\n<p><span style=\"color: #280099;\"><span style=\"font-family: Times New Roman,serif;\"><span style=\"font-size: small;\"><em><span style=\"text-decoration: underline;\"> <\/span><\/em><\/span><\/span><\/span> <a href=\"http:\/\/julienlahmi.com\/professeur\/stages_loisir\/le-theatre-se-met-au-vert\/le-contenu-pedagogique\/les-cours-de-tango\"><span style=\"color: #280099;\"><span style=\"font-family: Times New Roman,serif;\"><span style=\"font-size: small;\"><em><span style=\"text-decoration: underline;\">Les cours de tango<\/span><\/em><\/span><\/span><\/span><\/a><\/p>\n<p>&nbsp;<\/p>\n<p>&nbsp;<\/p>\n","protected":false},"excerpt":{"rendered":"Le plaisir de s&rsquo;exprimer, le bonheur de se l\u00e2cher mais comment ?\nLes acteurs font partie des rares artistes utilisant leur propre personne en guise d\u2019instrument. &hellip;","protected":false},"author":2,"featured_media":0,"parent":1462,"menu_order":0,"comment_status":"open","ping_status":"closed","template":"","meta":[],"_links":{"self":[{"href":"https:\/\/julienlahmi.com\/professeur\/wp-json\/wp\/v2\/pages\/1491"}],"collection":[{"href":"https:\/\/julienlahmi.com\/professeur\/wp-json\/wp\/v2\/pages"}],"about":[{"href":"https:\/\/julienlahmi.com\/professeur\/wp-json\/wp\/v2\/types\/page"}],"author":[{"embeddable":true,"href":"https:\/\/julienlahmi.com\/professeur\/wp-json\/wp\/v2\/users\/2"}],"replies":[{"embeddable":true,"href":"https:\/\/julienlahmi.com\/professeur\/wp-json\/wp\/v2\/comments?post=1491"}],"version-history":[{"count":12,"href":"https:\/\/julienlahmi.com\/professeur\/wp-json\/wp\/v2\/pages\/1491\/revisions"}],"predecessor-version":[{"id":1494,"href":"https:\/\/julienlahmi.com\/professeur\/wp-json\/wp\/v2\/pages\/1491\/revisions\/1494"}],"up":[{"embeddable":true,"href":"https:\/\/julienlahmi.com\/professeur\/wp-json\/wp\/v2\/pages\/1462"}],"wp:attachment":[{"href":"https:\/\/julienlahmi.com\/professeur\/wp-json\/wp\/v2\/media?parent=1491"}],"curies":[{"name":"wp","href":"https:\/\/api.w.org\/{rel}","templated":true}]}}