{"id":1930,"date":"2011-09-20T20:15:40","date_gmt":"2011-09-20T18:15:40","guid":{"rendered":"http:\/\/julienlahmi.com\/professeur\/?page_id=1930"},"modified":"2012-07-09T12:53:29","modified_gmt":"2012-07-09T10:53:29","slug":"jeuderrierelacamera","status":"publish","type":"page","link":"https:\/\/julienlahmi.com\/professeur\/cours-et-stages-a-vocation-professionnelle\/jeuderrierelacamera\/","title":{"rendered":"Jeu derri\u00e8re la cam\u00e9ra"},"content":{"rendered":"<p><iframe loading=\"lazy\" src=\"http:\/\/player.vimeo.com\/video\/29330586?title=0&amp;byline=0&amp;portrait=0&amp;autoplay=1\" frameborder=\"0\" width=\"600\" height=\"450\"><\/iframe><\/p>\n<p><em>Extrait d&rsquo;un r\u00e9sultat filmique obtenu par \u00ab\u00a0jeu devant les images\u00a0\u00bb, une des composantes du \u00ab\u00a0jeu derri\u00e8re la cam\u00e9ra\u00a0\u00bb. Les acteurs Marie-Laure Malric et Julien Le Gallo ont cherch\u00e9 \u00e0 retrouver les mots perdus.\u00a0<\/em><\/p>\n<p>Com\u00e9diens, ce stage vous permettra de :<\/p>\n<p>1) nourrir votre pratique en exp\u00e9rimentant un concept de jeu faisant la part belle au ressenti et \u00e0 l\u2019\u00e9coute du partenaire : les contraintes de\u00a0<em>Repr\u00e9sentation<\/em> li\u00e9es au th\u00e9\u00e2tre et au \u00ab\u00a0jeu face cam\u00e9ra\u00a0\u00bb (\u00eatre dans la lumi\u00e8res, le cadre etc &#8230;) sont abolies dans le \u00ab\u00a0jeu derri\u00e8re la cam\u00e9ra\u00a0\u00bb.<\/p>\n<p>2) d\u00e9velopper votre instinct et votre cr\u00e9ativit\u00e9 par le\u00a0jeu en improvisation.<\/p>\n<p>3) vous pr\u00e9parer aux propositions parfois d\u00e9routantes qui vous viendront de tous ces metteurs en sc\u00e8ne travaillant actuellement sur de nouveaux moyens de faire des films et des pi\u00e8ces de th\u00e9\u00e2tre.<\/p>\n<p>4) pratiquer un jeu d&rsquo;acteur sur sc\u00e8ne \u00e0 vocation cin\u00e9matographique qui sera un bon entra\u00eenement \u00e9motionnel et vocal pour endosser par la suite des r\u00f4les dans des films \u00ab\u00a0classiques\u00a0\u00bb .<\/p>\n<p>&nbsp;<\/p>\n<p>Dans le cadre de ce stage, je vous propose de cr\u00e9er ensemble de courtes s\u00e9quences fictionnelles \u00e0 partir de films amateurs muets datant des ann\u00e9es 1930 \u00e0 1980 que des familles m&rsquo;ont confi\u00e9s.\u00a0Concr\u00e8tement, c&rsquo;est \u00e0 l&rsquo;aide de micros que nous capterons vos voix lors d&rsquo;improvisations dirig\u00e9es et nourries par ces images.<\/p>\n<p>&nbsp;<\/p>\n<p><a href=\" http:\/\/julienlahmi.com\/professeur\/cours-et-stages-a-vocation-professionnelle\/le-jeu-dans-le-cinema-experimental\">Pour en savoir plus sur ma d\u00e9marche, cliquez ici. <\/a><\/p>\n<p><a href=\"http:\/\/www.facebook.com\/event.php?eid=206261289433917\">Pour s&rsquo;inscrire au prochain stage, cliquez l\u00e0<\/a><br \/>\nJe vous invite \u00e9galement \u00e0 regarder ci-dessous deux autres r\u00e9sultats filmiques tr\u00e8s diff\u00e9rents obtenus par \u00ab\u00a0jeu derri\u00e8re la cam\u00e9ra<br \/>\n<iframe loading=\"lazy\" src=\"http:\/\/player.vimeo.com\/video\/29331828?title=0&amp;byline=0&amp;portrait=0\" frameborder=\"0\" width=\"600\" height=\"450\"><\/iframe><br \/>\n<em>Les acteurs \u00e9taient allong\u00e9s au sol, assez proche pour se sentir, mais sans le feu du regard de l&rsquo;autre.<\/em><\/p>\n<p><iframe loading=\"lazy\" src=\"http:\/\/player.vimeo.com\/video\/29325986?title=0&amp;byline=0&amp;portrait=0\" frameborder=\"0\" width=\"600\" height=\"443\"><\/iframe><br \/>\n<em>Les images de famille affichent un bonheur sans faille qu&rsquo;il est int\u00e9ressant de d\u00e9passer.<\/em><\/p>\n","protected":false},"excerpt":{"rendered":"\nExtrait d&rsquo;un r\u00e9sultat filmique obtenu par \u00ab\u00a0jeu devant les images\u00a0\u00bb, une des composantes du \u00ab\u00a0jeu derri\u00e8re la cam\u00e9ra\u00a0\u00bb. Les acteurs Marie-Laure Malric et Julien Le &hellip;","protected":false},"author":2,"featured_media":0,"parent":7,"menu_order":0,"comment_status":"open","ping_status":"closed","template":"","meta":[],"_links":{"self":[{"href":"https:\/\/julienlahmi.com\/professeur\/wp-json\/wp\/v2\/pages\/1930"}],"collection":[{"href":"https:\/\/julienlahmi.com\/professeur\/wp-json\/wp\/v2\/pages"}],"about":[{"href":"https:\/\/julienlahmi.com\/professeur\/wp-json\/wp\/v2\/types\/page"}],"author":[{"embeddable":true,"href":"https:\/\/julienlahmi.com\/professeur\/wp-json\/wp\/v2\/users\/2"}],"replies":[{"embeddable":true,"href":"https:\/\/julienlahmi.com\/professeur\/wp-json\/wp\/v2\/comments?post=1930"}],"version-history":[{"count":17,"href":"https:\/\/julienlahmi.com\/professeur\/wp-json\/wp\/v2\/pages\/1930\/revisions"}],"predecessor-version":[{"id":1933,"href":"https:\/\/julienlahmi.com\/professeur\/wp-json\/wp\/v2\/pages\/1930\/revisions\/1933"}],"up":[{"embeddable":true,"href":"https:\/\/julienlahmi.com\/professeur\/wp-json\/wp\/v2\/pages\/7"}],"wp:attachment":[{"href":"https:\/\/julienlahmi.com\/professeur\/wp-json\/wp\/v2\/media?parent=1930"}],"curies":[{"name":"wp","href":"https:\/\/api.w.org\/{rel}","templated":true}]}}