{"id":2318,"date":"2014-06-02T11:38:44","date_gmt":"2014-06-02T09:38:44","guid":{"rendered":"http:\/\/julienlahmi.com\/professeur\/?page_id=2318"},"modified":"2014-06-02T12:29:28","modified_gmt":"2014-06-02T10:29:28","slug":"2013-2","status":"publish","type":"page","link":"https:\/\/julienlahmi.com\/professeur\/les-annees-passees\/2013-2\/","title":{"rendered":"Un an de Pater Familias"},"content":{"rendered":"<p><!-- Link and image removed by Remove First Image Plugin --><\/p>\n<p style=\"text-align: right;\">Photos de r\u00e9p\u00e9titions, copyright <a href=\"https:\/\/www.facebook.com\/phil.mouve.photos\">Philippe Gauthier<\/a>.<\/p>\n<p>&nbsp;<\/p>\n<p>En 2013, je me suis consacr\u00e9 \u00e0 l&rsquo;accompagnement d&rsquo;une troupe amateur naissante et ambitieuse : <em><a href=\"https:\/\/www.facebook.com\/LaTroupeSanguine\">La troupe sanguine<\/a><\/em>.<\/p>\n<p>Nous avons mont\u00e9 une pi\u00e8ce intitul\u00e9e\u00a0<em>Pater Familias<\/em>, une libre adaptation de <em><a href=\"http:\/\/fr.wikipedia.org\/wiki\/Festen\">Festen<\/a><\/em> par Christophe Martin, membre de la troupe.<\/p>\n<p>Pour incarner et faire vibrer cette histoire \u00e0 l&rsquo;humour intensivement noir, il nous a fallu 6 heures de r\u00e9p\u00e9titions par semaine d&rsquo;octobre \u00e0 juin, beaucoup d&rsquo;\u00e9clats de rire et de l\u00e2cher prise.<\/p>\n<p>La pi\u00e8ce a \u00e9t\u00e9 jou\u00e9e trois soirs devant un public bouillant dans une salle du th\u00e9\u00e2tre <a href=\"http:\/\/www.lepassageverslesetoiles.com\/\">Le passage vers les \u00e9toiles<\/a> pleine \u00e0 craquer.<\/p>\n<p><a title=\"Pater Familias\" href=\"http:\/\/julienlahmi.com\/professeur\/accompagnement-de-troupes-amateur\/pater-familias\/\">Teaser de la pi\u00e8ce<\/a><\/p>\n<p>&nbsp;<\/p>\n<p><a href=\"http:\/\/julienlahmi.com\/professeur\/wp-content\/uploads\/2014\/06\/lecture.jpg\" rel=\"lightbox[2318]\"><img loading=\"lazy\" class=\"aligncenter size-large wp-image-2323\" title=\"lecture\" src=\"http:\/\/julienlahmi.com\/professeur\/wp-content\/uploads\/2014\/06\/lecture-1024x678.jpg\" alt=\"\" width=\"800\" height=\"529\" srcset=\"https:\/\/julienlahmi.com\/professeur\/wp-content\/uploads\/2014\/06\/lecture-1024x678.jpg 1024w, https:\/\/julienlahmi.com\/professeur\/wp-content\/uploads\/2014\/06\/lecture-300x198.jpg 300w, https:\/\/julienlahmi.com\/professeur\/wp-content\/uploads\/2014\/06\/lecture.jpg 1042w\" sizes=\"(max-width: 800px) 100vw, 800px\" \/><\/a><\/p>\n<p><a href=\"http:\/\/julienlahmi.com\/professeur\/wp-content\/uploads\/2014\/06\/baston.jpg\" rel=\"lightbox[2318]\"><img loading=\"lazy\" class=\"aligncenter size-large wp-image-2334\" title=\"baston\" src=\"http:\/\/julienlahmi.com\/professeur\/wp-content\/uploads\/2014\/06\/baston-1024x678.jpg\" alt=\"\" width=\"800\" height=\"529\" srcset=\"https:\/\/julienlahmi.com\/professeur\/wp-content\/uploads\/2014\/06\/baston-1024x678.jpg 1024w, https:\/\/julienlahmi.com\/professeur\/wp-content\/uploads\/2014\/06\/baston-300x198.jpg 300w, https:\/\/julienlahmi.com\/professeur\/wp-content\/uploads\/2014\/06\/baston.jpg 1042w\" sizes=\"(max-width: 800px) 100vw, 800px\" \/><\/a><\/p>\n<p><a href=\"http:\/\/julienlahmi.com\/professeur\/wp-content\/uploads\/2014\/06\/\u00e7a-va-pas-la-tete.jpg\" rel=\"lightbox[2318]\"><img loading=\"lazy\" class=\"aligncenter size-large wp-image-2320\" title=\"\u00e7a va pas la tete\" src=\"http:\/\/julienlahmi.com\/professeur\/wp-content\/uploads\/2014\/06\/\u00e7a-va-pas-la-tete-1024x678.jpg\" alt=\"\" width=\"800\" height=\"529\" srcset=\"https:\/\/julienlahmi.com\/professeur\/wp-content\/uploads\/2014\/06\/\u00e7a-va-pas-la-tete-1024x678.jpg 1024w, https:\/\/julienlahmi.com\/professeur\/wp-content\/uploads\/2014\/06\/\u00e7a-va-pas-la-tete-300x198.jpg 300w, https:\/\/julienlahmi.com\/professeur\/wp-content\/uploads\/2014\/06\/\u00e7a-va-pas-la-tete.jpg 1042w\" sizes=\"(max-width: 800px) 100vw, 800px\" \/><\/a><\/p>\n<p><a href=\"http:\/\/julienlahmi.com\/professeur\/wp-content\/uploads\/2014\/06\/philou.jpg\" rel=\"lightbox[2318]\"><img loading=\"lazy\" class=\"aligncenter size-large wp-image-2325\" title=\"philou\" src=\"http:\/\/julienlahmi.com\/professeur\/wp-content\/uploads\/2014\/06\/philou-1024x678.jpg\" alt=\"\" width=\"800\" height=\"529\" srcset=\"https:\/\/julienlahmi.com\/professeur\/wp-content\/uploads\/2014\/06\/philou-1024x678.jpg 1024w, https:\/\/julienlahmi.com\/professeur\/wp-content\/uploads\/2014\/06\/philou-300x198.jpg 300w, https:\/\/julienlahmi.com\/professeur\/wp-content\/uploads\/2014\/06\/philou.jpg 1042w\" sizes=\"(max-width: 800px) 100vw, 800px\" \/><\/a><\/p>\n<p><a href=\"http:\/\/julienlahmi.com\/professeur\/wp-content\/uploads\/2014\/06\/JLuc.jpg\" rel=\"lightbox[2318]\"><img loading=\"lazy\" class=\"aligncenter size-large wp-image-2322\" title=\"JLuc\" src=\"http:\/\/julienlahmi.com\/professeur\/wp-content\/uploads\/2014\/06\/JLuc-1024x678.jpg\" alt=\"\" width=\"800\" height=\"529\" srcset=\"https:\/\/julienlahmi.com\/professeur\/wp-content\/uploads\/2014\/06\/JLuc-1024x678.jpg 1024w, https:\/\/julienlahmi.com\/professeur\/wp-content\/uploads\/2014\/06\/JLuc-300x198.jpg 300w, https:\/\/julienlahmi.com\/professeur\/wp-content\/uploads\/2014\/06\/JLuc.jpg 1042w\" sizes=\"(max-width: 800px) 100vw, 800px\" \/><\/a><\/p>\n<p><a href=\"http:\/\/julienlahmi.com\/professeur\/wp-content\/uploads\/2014\/06\/philou-2.jpg\" rel=\"lightbox[2318]\"><img loading=\"lazy\" class=\"aligncenter size-large wp-image-2324\" title=\"philou 2\" src=\"http:\/\/julienlahmi.com\/professeur\/wp-content\/uploads\/2014\/06\/philou-2-1024x678.jpg\" alt=\"\" width=\"800\" height=\"529\" srcset=\"https:\/\/julienlahmi.com\/professeur\/wp-content\/uploads\/2014\/06\/philou-2-1024x678.jpg 1024w, https:\/\/julienlahmi.com\/professeur\/wp-content\/uploads\/2014\/06\/philou-2-300x198.jpg 300w, https:\/\/julienlahmi.com\/professeur\/wp-content\/uploads\/2014\/06\/philou-2.jpg 1042w\" sizes=\"(max-width: 800px) 100vw, 800px\" \/><\/a><\/p>\n","protected":false},"excerpt":{"rendered":"\nPhotos de r\u00e9p\u00e9titions, copyright Philippe Gauthier.\n&nbsp;\nEn 2013, je me suis consacr\u00e9 \u00e0 l&rsquo;accompagnement d&rsquo;une troupe amateur naissante et ambitieuse : La troupe sanguine.\nNous avons mont\u00e9 &hellip;","protected":false},"author":2,"featured_media":0,"parent":11,"menu_order":0,"comment_status":"open","ping_status":"closed","template":"","meta":[],"_links":{"self":[{"href":"https:\/\/julienlahmi.com\/professeur\/wp-json\/wp\/v2\/pages\/2318"}],"collection":[{"href":"https:\/\/julienlahmi.com\/professeur\/wp-json\/wp\/v2\/pages"}],"about":[{"href":"https:\/\/julienlahmi.com\/professeur\/wp-json\/wp\/v2\/types\/page"}],"author":[{"embeddable":true,"href":"https:\/\/julienlahmi.com\/professeur\/wp-json\/wp\/v2\/users\/2"}],"replies":[{"embeddable":true,"href":"https:\/\/julienlahmi.com\/professeur\/wp-json\/wp\/v2\/comments?post=2318"}],"version-history":[{"count":7,"href":"https:\/\/julienlahmi.com\/professeur\/wp-json\/wp\/v2\/pages\/2318\/revisions"}],"predecessor-version":[{"id":2332,"href":"https:\/\/julienlahmi.com\/professeur\/wp-json\/wp\/v2\/pages\/2318\/revisions\/2332"}],"up":[{"embeddable":true,"href":"https:\/\/julienlahmi.com\/professeur\/wp-json\/wp\/v2\/pages\/11"}],"wp:attachment":[{"href":"https:\/\/julienlahmi.com\/professeur\/wp-json\/wp\/v2\/media?parent=2318"}],"curies":[{"name":"wp","href":"https:\/\/api.w.org\/{rel}","templated":true}]}}