{"id":317,"date":"2010-08-31T21:04:01","date_gmt":"2010-08-31T19:04:01","guid":{"rendered":"http:\/\/julienlahmi.com\/professeur"},"modified":"2010-08-31T23:07:45","modified_gmt":"2010-08-31T21:07:45","slug":"quai-des-brumes","status":"publish","type":"page","link":"https:\/\/julienlahmi.com\/professeur\/les-annees-passees\/2010-2\/quai-des-brumes\/","title":{"rendered":"Quai des brumes"},"content":{"rendered":"<p>Selvi et Marwan ont jou\u00e9 Nelly et Jean de \u00ab\u00a0Quai des brumes\u00a0\u00bb,<\/p>\n<p>film \u00e9crit par Jacques Pr\u00e9vert, d&rsquo;apr\u00e8s le livre de Pierre Mac Orlan<\/p>\n\n\t\t<style type=\"text\/css\">\n\t\t\t#gallery-1 {\n\t\t\t\tmargin: auto;\n\t\t\t}\n\t\t\t#gallery-1 .gallery-item {\n\t\t\t\tfloat: left;\n\t\t\t\tmargin-top: 10px;\n\t\t\t\ttext-align: center;\n\t\t\t\twidth: 50%;\n\t\t\t}\n\t\t\t#gallery-1 img {\n\t\t\t\tborder: 2px solid #cfcfcf;\n\t\t\t}\n\t\t\t#gallery-1 .gallery-caption {\n\t\t\t\tmargin-left: 0;\n\t\t\t}\n\t\t\t\/* see gallery_shortcode() in wp-includes\/media.php *\/\n\t\t<\/style>\n\t\t<div id='gallery-1' class='gallery galleryid-317 gallery-columns-2 gallery-size-thumbnail'><dl class='gallery-item'>\n\t\t\t<dt class='gallery-icon landscape'>\n\t\t\t\t<a href='https:\/\/julienlahmi.com\/professeur\/les-annees-passees\/2010-2\/quai-des-brumes\/jean-t%e2%80%99es-belle-tu-me-plais%c2%a0-sans-blague%c2%a0-t%e2%80%99es-pas-epaisse-mais-tu-me-plais%c2%a0\/'><img width=\"150\" height=\"150\" src=\"https:\/\/julienlahmi.com\/professeur\/wp-content\/uploads\/2010\/08\/JEAN-T\u2019es-belle-tu-me-plais\u00a0-Sans-blague\u00a0-t\u2019es-pas-\u00e9paisse-mais-tu-me-plais\u00a0-150x150.jpg\" class=\"attachment-thumbnail size-thumbnail\" alt=\"\" loading=\"lazy\" \/><\/a>\n\t\t\t<\/dt><\/dl><dl class='gallery-item'>\n\t\t\t<dt class='gallery-icon landscape'>\n\t\t\t\t<a href='https:\/\/julienlahmi.com\/professeur\/les-annees-passees\/2010-2\/quai-des-brumes\/nelly-pourquoi-riez-vous-tout-le-temps-comme-ca%c2%a0-c%e2%80%99est-pas-un-vrai-rire-c%e2%80%99est-un-rire-triste\/'><img width=\"150\" height=\"150\" src=\"https:\/\/julienlahmi.com\/professeur\/wp-content\/uploads\/2010\/08\/NELLY-Pourquoi-riez-vous-tout-le-temps-comme-\u00e7a\u00a0-c\u2019est-pas-un-vrai-rire-c\u2019est-un-rire-triste-150x150.jpg\" class=\"attachment-thumbnail size-thumbnail\" alt=\"\" loading=\"lazy\" \/><\/a>\n\t\t\t<\/dt><\/dl><br style=\"clear: both\" \/>\n\t\t<\/div>\n\n<p><a href=\"http:\/\/julienlahmi.com\/professeur\/wp-content\/uploads\/2010\/08\/05-8-jean-et-nelly-Le-D\u00e9serteur.wav\">Musique prolongeant la sc\u00e8ne<\/a><\/p>\n","protected":false},"excerpt":{"rendered":"Selvi et Marwan ont jou\u00e9 Nelly et Jean de \u00ab\u00a0Quai des brumes\u00a0\u00bb,\nfilm \u00e9crit par Jacques Pr\u00e9vert, d&rsquo;apr\u00e8s le livre de Pierre Mac Orlan\n\n\t\t<style type=\"text\/css\">\n\t\t\t#gallery-2 {\n\t\t\t\tmargin: &hellip;","protected":false},"author":2,"featured_media":0,"parent":111,"menu_order":0,"comment_status":"open","ping_status":"open","template":"","meta":[],"_links":{"self":[{"href":"https:\/\/julienlahmi.com\/professeur\/wp-json\/wp\/v2\/pages\/317"}],"collection":[{"href":"https:\/\/julienlahmi.com\/professeur\/wp-json\/wp\/v2\/pages"}],"about":[{"href":"https:\/\/julienlahmi.com\/professeur\/wp-json\/wp\/v2\/types\/page"}],"author":[{"embeddable":true,"href":"https:\/\/julienlahmi.com\/professeur\/wp-json\/wp\/v2\/users\/2"}],"replies":[{"embeddable":true,"href":"https:\/\/julienlahmi.com\/professeur\/wp-json\/wp\/v2\/comments?post=317"}],"version-history":[{"count":3,"href":"https:\/\/julienlahmi.com\/professeur\/wp-json\/wp\/v2\/pages\/317\/revisions"}],"predecessor-version":[{"id":379,"href":"https:\/\/julienlahmi.com\/professeur\/wp-json\/wp\/v2\/pages\/317\/revisions\/379"}],"up":[{"embeddable":true,"href":"https:\/\/julienlahmi.com\/professeur\/wp-json\/wp\/v2\/pages\/111"}],"wp:attachment":[{"href":"https:\/\/julienlahmi.com\/professeur\/wp-json\/wp\/v2\/media?parent=317"}],"curies":[{"name":"wp","href":"https:\/\/api.w.org\/{rel}","templated":true}]}}