{"id":350,"date":"2010-08-31T22:20:09","date_gmt":"2010-08-31T20:20:09","guid":{"rendered":"http:\/\/julienlahmi.com\/professeur"},"modified":"2010-08-31T22:21:01","modified_gmt":"2010-08-31T20:21:01","slug":"tandem","status":"publish","type":"page","link":"https:\/\/julienlahmi.com\/professeur\/les-annees-passees\/2009-2\/tandem\/","title":{"rendered":"Tandem"},"content":{"rendered":"<p><!-- \t\t@page { margin: 2cm } \t\tP { margin-bottom: 0.21cm } --><strong> <span style=\"font-family: Verdana,sans-serif;\"><span style=\"font-size: medium;\">\u00ab\u00a0La vraie g\u00e9n\u00e9rosit\u00e9 envers l\u2019avenir, c\u2019est de tout donner au pr\u00e9sent\u00bb Cioran<\/span><\/span><\/strong><\/p>\n<p><strong><span style=\"font-family: Verdana,sans-serif;\"><span style=\"font-size: medium;\">C\u00e9dric est RIVETOT<\/span><\/span><\/strong><\/p>\n<p><strong><span style=\"font-family: Verdana,sans-serif;\"> <\/span><\/strong><strong><span style=\"font-family: Verdana,sans-serif;\"><span style=\"font-size: medium;\">Julien est MORTEZ<\/span><\/span><\/strong><\/p>\n<p><strong><span style=\"font-family: Verdana,sans-serif;\"><span style=\"font-size: medium;\">d&rsquo;apr\u00e8s des dialogues de Patrick Dewolf et Patrice Leconte<\/span><\/span><\/strong><\/p>\n<p><strong><span style=\"font-family: Verdana,sans-serif;\"><span style=\"font-size: medium;\"><a href=\"http:\/\/julienlahmi.com\/professeur\/wp-content\/uploads\/2010\/08\/02-emmenez-moi.mp3\">Musique de la sc\u00e8ne<\/a><br \/>\n<\/span><\/span><\/strong><\/p>\n<p><strong><span style=\"font-family: Verdana,sans-serif;\"><span style=\"font-size: medium;\"><br \/>\n<\/span><\/span><\/strong><\/p>\n","protected":false},"excerpt":{"rendered":" \u00ab\u00a0La vraie g\u00e9n\u00e9rosit\u00e9 envers l\u2019avenir, c\u2019est de tout donner au pr\u00e9sent\u00bb Cioran\nC\u00e9dric est RIVETOT\n Julien est MORTEZ\nd&rsquo;apr\u00e8s des dialogues de Patrick Dewolf et Patrice &hellip;","protected":false},"author":2,"featured_media":0,"parent":167,"menu_order":0,"comment_status":"open","ping_status":"open","template":"","meta":[],"_links":{"self":[{"href":"https:\/\/julienlahmi.com\/professeur\/wp-json\/wp\/v2\/pages\/350"}],"collection":[{"href":"https:\/\/julienlahmi.com\/professeur\/wp-json\/wp\/v2\/pages"}],"about":[{"href":"https:\/\/julienlahmi.com\/professeur\/wp-json\/wp\/v2\/types\/page"}],"author":[{"embeddable":true,"href":"https:\/\/julienlahmi.com\/professeur\/wp-json\/wp\/v2\/users\/2"}],"replies":[{"embeddable":true,"href":"https:\/\/julienlahmi.com\/professeur\/wp-json\/wp\/v2\/comments?post=350"}],"version-history":[{"count":2,"href":"https:\/\/julienlahmi.com\/professeur\/wp-json\/wp\/v2\/pages\/350\/revisions"}],"predecessor-version":[{"id":353,"href":"https:\/\/julienlahmi.com\/professeur\/wp-json\/wp\/v2\/pages\/350\/revisions\/353"}],"up":[{"embeddable":true,"href":"https:\/\/julienlahmi.com\/professeur\/wp-json\/wp\/v2\/pages\/167"}],"wp:attachment":[{"href":"https:\/\/julienlahmi.com\/professeur\/wp-json\/wp\/v2\/media?parent=350"}],"curies":[{"name":"wp","href":"https:\/\/api.w.org\/{rel}","templated":true}]}}