{"id":406,"date":"2010-09-02T11:41:13","date_gmt":"2010-09-02T09:41:13","guid":{"rendered":"http:\/\/julienlahmi.com\/professeur"},"modified":"2010-09-02T11:44:06","modified_gmt":"2010-09-02T09:44:06","slug":"donnie-brasco","status":"publish","type":"page","link":"https:\/\/julienlahmi.com\/professeur\/les-annees-passees\/2009-2\/donnie-brasco\/","title":{"rendered":"Donnie Brasco"},"content":{"rendered":"<p><!-- \t\t@page { margin: 2cm } \t\tP { margin-bottom: 0.21cm } \t\tA:link { so-language: zxx } --><span style=\"font-family: Verdana,sans-serif;\"><span style=\"font-size: medium;\">\u00ab\u00a0La dispute est d&rsquo;un grand secours. Sans elle on dormirait toujours.\u00a0\u00bb <\/span><\/span><\/p>\n<p><span style=\"font-family: Verdana,sans-serif;\"><span style=\"font-size: medium;\">Jean de La Fontaine<\/span><\/span><\/p>\n<p><span style=\"font-family: Verdana,sans-serif;\"><span style=\"font-size: medium;\"><br \/>\n<\/span><\/span><\/p>\n<p><span style=\"font-family: Verdana,sans-serif;\"><span style=\"font-size: medium;\">B\u00e9n\u00e9dicte est MAGGIE<br \/>\n<\/span><\/span><\/p>\n<p><span style=\"font-family: Verdana,sans-serif;\"><span style=\"font-size: medium;\">Denis est JOE<\/span><\/span><\/p>\n<p><span style=\"font-family: Verdana,sans-serif;\"><span style=\"font-size: medium;\">d&rsquo;apr\u00e8s des dialogues de Paul Attanasio<br \/>\n<\/span><\/span><\/p>\n\n\t\t<style type=\"text\/css\">\n\t\t\t#gallery-1 {\n\t\t\t\tmargin: auto;\n\t\t\t}\n\t\t\t#gallery-1 .gallery-item {\n\t\t\t\tfloat: left;\n\t\t\t\tmargin-top: 10px;\n\t\t\t\ttext-align: center;\n\t\t\t\twidth: 33%;\n\t\t\t}\n\t\t\t#gallery-1 img {\n\t\t\t\tborder: 2px solid #cfcfcf;\n\t\t\t}\n\t\t\t#gallery-1 .gallery-caption {\n\t\t\t\tmargin-left: 0;\n\t\t\t}\n\t\t\t\/* see gallery_shortcode() in wp-includes\/media.php *\/\n\t\t<\/style>\n\t\t<div id='gallery-1' class='gallery galleryid-406 gallery-columns-3 gallery-size-thumbnail'><dl class='gallery-item'>\n\t\t\t<dt class='gallery-icon landscape'>\n\t\t\t\t<a href='https:\/\/julienlahmi.com\/professeur\/les-annees-passees\/2009-2\/donnie-brasco\/joe-jai-toujours-cru-etre-du-bon-cote-du-cote-de-la-justice-et-tout-ca-pourquoi\/'><img width=\"150\" height=\"150\" src=\"https:\/\/julienlahmi.com\/professeur\/wp-content\/uploads\/2010\/09\/JOE-Jai-toujours-cru-\u00eatre-du-bon-c\u00f4t\u00e9-du-c\u00f4t\u00e9-de-la-justice-et-tout-\u00e7a-pourquoi-150x150.jpg\" class=\"attachment-thumbnail size-thumbnail\" alt=\"\" loading=\"lazy\" \/><\/a>\n\t\t\t<\/dt><\/dl><dl class='gallery-item'>\n\t\t\t<dt class='gallery-icon landscape'>\n\t\t\t\t<a href='https:\/\/julienlahmi.com\/professeur\/les-annees-passees\/2009-2\/donnie-brasco\/maggie-tu-te-demandes-jamais-comment-je-survis\/'><img width=\"150\" height=\"150\" src=\"https:\/\/julienlahmi.com\/professeur\/wp-content\/uploads\/2010\/09\/MAGGIE-Tu-te-demandes-jamais-comment-je-survis-150x150.jpg\" class=\"attachment-thumbnail size-thumbnail\" alt=\"\" loading=\"lazy\" \/><\/a>\n\t\t\t<\/dt><\/dl><dl class='gallery-item'>\n\t\t\t<dt class='gallery-icon landscape'>\n\t\t\t\t<a href='https:\/\/julienlahmi.com\/professeur\/les-annees-passees\/2009-2\/donnie-brasco\/maggie-je-fais-comme-si-jetais-veuve\/'><img width=\"150\" height=\"150\" src=\"https:\/\/julienlahmi.com\/professeur\/wp-content\/uploads\/2010\/09\/MAGGIE-Je-fais-comme-si-j\u00e9tais-veuve-150x150.jpg\" class=\"attachment-thumbnail size-thumbnail\" alt=\"\" loading=\"lazy\" \/><\/a>\n\t\t\t<\/dt><\/dl><br style=\"clear: both\" \/>\n\t\t<\/div>\n\n<p><a href=\"http:\/\/julienlahmi.com\/professeur\/wp-content\/uploads\/2010\/09\/06.The-blowers-daughter.mp3\">Musique prolongeant la sc\u00e8ne<\/a><\/p>\n","protected":false},"excerpt":{"rendered":"\u00ab\u00a0La dispute est d&rsquo;un grand secours. Sans elle on dormirait toujours.\u00a0\u00bb \nJean de La Fontaine\n\n\nB\u00e9n\u00e9dicte est MAGGIE\n\nDenis est JOE\nd&rsquo;apr\u00e8s des dialogues de Paul Attanasio\n\n\n\t\t<style type=\"text\/css\">\n\t\t\t#gallery-2 &hellip;","protected":false},"author":2,"featured_media":0,"parent":167,"menu_order":0,"comment_status":"open","ping_status":"open","template":"","meta":[],"_links":{"self":[{"href":"https:\/\/julienlahmi.com\/professeur\/wp-json\/wp\/v2\/pages\/406"}],"collection":[{"href":"https:\/\/julienlahmi.com\/professeur\/wp-json\/wp\/v2\/pages"}],"about":[{"href":"https:\/\/julienlahmi.com\/professeur\/wp-json\/wp\/v2\/types\/page"}],"author":[{"embeddable":true,"href":"https:\/\/julienlahmi.com\/professeur\/wp-json\/wp\/v2\/users\/2"}],"replies":[{"embeddable":true,"href":"https:\/\/julienlahmi.com\/professeur\/wp-json\/wp\/v2\/comments?post=406"}],"version-history":[{"count":4,"href":"https:\/\/julienlahmi.com\/professeur\/wp-json\/wp\/v2\/pages\/406\/revisions"}],"predecessor-version":[{"id":418,"href":"https:\/\/julienlahmi.com\/professeur\/wp-json\/wp\/v2\/pages\/406\/revisions\/418"}],"up":[{"embeddable":true,"href":"https:\/\/julienlahmi.com\/professeur\/wp-json\/wp\/v2\/pages\/167"}],"wp:attachment":[{"href":"https:\/\/julienlahmi.com\/professeur\/wp-json\/wp\/v2\/media?parent=406"}],"curies":[{"name":"wp","href":"https:\/\/api.w.org\/{rel}","templated":true}]}}