{"id":446,"date":"2010-09-02T20:43:48","date_gmt":"2010-09-02T18:43:48","guid":{"rendered":"http:\/\/julienlahmi.com\/professeur"},"modified":"2010-09-02T20:49:07","modified_gmt":"2010-09-02T18:49:07","slug":"on-passe-dans-huit-jours","status":"publish","type":"page","link":"https:\/\/julienlahmi.com\/professeur\/les-annees-passees\/2009-2\/on-passe-dans-huit-jours\/","title":{"rendered":"On passe dans huit jours"},"content":{"rendered":"<p><!-- \t\t@page { margin: 2cm } \t\tP { margin-bottom: 0.21cm } --><strong>\u201c<span style=\"font-family: Verdana,sans-serif;\"><span style=\"font-size: medium;\">A la sortie d\u2019une salle o\u00f9 \u00e9tait projet\u00e9 un film de Tintin,j\u2019ai demand\u00e9 \u00e0 un enfant\u00a0: <\/span><\/span><\/strong><\/p>\n<p><strong><span style=\"font-family: Verdana,sans-serif;\"><span style=\"font-size: medium;\">Tu as aim\u00e9\u00a0?<\/span><\/span><\/strong><\/p>\n<p><strong><span style=\"font-family: Verdana,sans-serif;\"><span style=\"font-size: medium;\">&#8211; \tnon<\/span><\/span><\/strong><\/p>\n<p><strong><span style=\"font-family: Verdana,sans-serif;\"><span style=\"font-size: medium;\">&#8211; \tpourquoi\u00a0?<\/span><\/span><\/strong><\/p>\n<p><strong><span style=\"font-family: Verdana,sans-serif;\"><span style=\"font-size: medium;\">&#8211; \tparce que le capitaine haddock a pas la m\u00eame voix que dans les \tlivres\u201d<\/span><\/span><\/strong><\/p>\n<p><strong><span style=\"font-family: Verdana,sans-serif;\"><span style=\"font-size: medium;\"><br \/>\n<\/span><\/span><\/strong><\/p>\n<p><strong><span style=\"font-family: Verdana,sans-serif;\"><span style=\"font-size: medium;\">Nadia est L&rsquo;ACTRICE<br \/>\n<\/span><\/span><\/strong><\/p>\n<p><strong><span style=\"font-family: Verdana,sans-serif;\"><span style=\"font-size: medium;\">Denis est L&rsquo;AUTEUR<br \/>\n<\/span><\/span><\/strong><\/p>\n<p><strong><span style=\"font-family: Verdana,sans-serif;\"><span style=\"font-size: x-small;\"><em>d&rsquo;apr\u00e8s des dialogues de Sacha Guitry<\/em><\/span><\/span><\/strong><\/p>\n<p><strong><span style=\"font-family: Verdana,sans-serif;\"><span style=\"font-size: x-small;\"><em>\n\t\t<style type=\"text\/css\">\n\t\t\t#gallery-1 {\n\t\t\t\tmargin: auto;\n\t\t\t}\n\t\t\t#gallery-1 .gallery-item {\n\t\t\t\tfloat: left;\n\t\t\t\tmargin-top: 10px;\n\t\t\t\ttext-align: center;\n\t\t\t\twidth: 33%;\n\t\t\t}\n\t\t\t#gallery-1 img {\n\t\t\t\tborder: 2px solid #cfcfcf;\n\t\t\t}\n\t\t\t#gallery-1 .gallery-caption {\n\t\t\t\tmargin-left: 0;\n\t\t\t}\n\t\t\t\/* see gallery_shortcode() in wp-includes\/media.php *\/\n\t\t<\/style>\n\t\t<div id='gallery-1' class='gallery galleryid-446 gallery-columns-3 gallery-size-thumbnail'><dl class='gallery-item'>\n\t\t\t<dt class='gallery-icon landscape'>\n\t\t\t\t<a href='https:\/\/julienlahmi.com\/professeur\/les-annees-passees\/2009-2\/on-passe-dans-huit-jours\/lauteur-ecoute-sa-comedienne\/'><img width=\"150\" height=\"150\" src=\"https:\/\/julienlahmi.com\/professeur\/wp-content\/uploads\/2010\/09\/LAUTEUR-\u00e9coute-sa-com\u00e9dienne-150x150.jpg\" class=\"attachment-thumbnail size-thumbnail\" alt=\"\" loading=\"lazy\" \/><\/a>\n\t\t\t<\/dt><\/dl><dl class='gallery-item'>\n\t\t\t<dt class='gallery-icon landscape'>\n\t\t\t\t<a href='https:\/\/julienlahmi.com\/professeur\/les-annees-passees\/2009-2\/on-passe-dans-huit-jours\/clap-clap-clap\/'><img width=\"150\" height=\"150\" src=\"https:\/\/julienlahmi.com\/professeur\/wp-content\/uploads\/2010\/09\/clap-clap-clap-150x150.jpg\" class=\"attachment-thumbnail size-thumbnail\" alt=\"\" loading=\"lazy\" \/><\/a>\n\t\t\t<\/dt><\/dl><dl class='gallery-item'>\n\t\t\t<dt class='gallery-icon landscape'>\n\t\t\t\t<a href='https:\/\/julienlahmi.com\/professeur\/les-annees-passees\/2009-2\/on-passe-dans-huit-jours\/lauteur-voila-vous-venez-de-le-trouver-votre-cri\/'><img width=\"150\" height=\"150\" src=\"https:\/\/julienlahmi.com\/professeur\/wp-content\/uploads\/2010\/09\/LAUTEUR-Voil\u00e0.-Vous-venez-de-le-trouver-votre-cri-150x150.jpg\" class=\"attachment-thumbnail size-thumbnail\" alt=\"\" loading=\"lazy\" \/><\/a>\n\t\t\t<\/dt><\/dl><br style=\"clear: both\" \/>\n\t\t<\/div>\n<br \/>\n<\/em><\/span><\/span><\/strong><\/p>\n<p><strong><span style=\"font-family: Verdana,sans-serif;\"><span style=\"font-size: x-small;\"><em><a href=\"http:\/\/julienlahmi.com\/professeur\/wp-content\/uploads\/2010\/09\/11-Les-Comediens.mp3\">Musique prolongeant la sc\u00e8ne<\/a><br \/>\n<\/em><\/span><\/span><\/strong><\/p>\n<p><strong><span style=\"font-family: Verdana,sans-serif;\"><span style=\"font-size: x-small;\"><em><br \/>\n<\/em><\/span><\/span><\/strong><\/p>\n","protected":false},"excerpt":{"rendered":"\u201cA la sortie d\u2019une salle o\u00f9 \u00e9tait projet\u00e9 un film de Tintin,j\u2019ai demand\u00e9 \u00e0 un enfant\u00a0: \nTu as aim\u00e9\u00a0?\n&#8211; \tnon\n&#8211; \tpourquoi\u00a0?\n&#8211; \tparce que le capitaine &hellip;","protected":false},"author":2,"featured_media":0,"parent":167,"menu_order":0,"comment_status":"open","ping_status":"open","template":"","meta":[],"_links":{"self":[{"href":"https:\/\/julienlahmi.com\/professeur\/wp-json\/wp\/v2\/pages\/446"}],"collection":[{"href":"https:\/\/julienlahmi.com\/professeur\/wp-json\/wp\/v2\/pages"}],"about":[{"href":"https:\/\/julienlahmi.com\/professeur\/wp-json\/wp\/v2\/types\/page"}],"author":[{"embeddable":true,"href":"https:\/\/julienlahmi.com\/professeur\/wp-json\/wp\/v2\/users\/2"}],"replies":[{"embeddable":true,"href":"https:\/\/julienlahmi.com\/professeur\/wp-json\/wp\/v2\/comments?post=446"}],"version-history":[{"count":5,"href":"https:\/\/julienlahmi.com\/professeur\/wp-json\/wp\/v2\/pages\/446\/revisions"}],"predecessor-version":[{"id":458,"href":"https:\/\/julienlahmi.com\/professeur\/wp-json\/wp\/v2\/pages\/446\/revisions\/458"}],"up":[{"embeddable":true,"href":"https:\/\/julienlahmi.com\/professeur\/wp-json\/wp\/v2\/pages\/167"}],"wp:attachment":[{"href":"https:\/\/julienlahmi.com\/professeur\/wp-json\/wp\/v2\/media?parent=446"}],"curies":[{"name":"wp","href":"https:\/\/api.w.org\/{rel}","templated":true}]}}