{"id":482,"date":"2010-09-03T10:27:31","date_gmt":"2010-09-03T08:27:31","guid":{"rendered":"http:\/\/julienlahmi.com\/professeur"},"modified":"2011-03-21T16:38:16","modified_gmt":"2011-03-21T14:38:16","slug":"2069-3","status":"publish","type":"page","link":"https:\/\/julienlahmi.com\/professeur\/les-annees-passees\/2069-3\/","title":{"rendered":"2069"},"content":{"rendered":"<p><iframe loading=\"lazy\" src=\"http:\/\/player.vimeo.com\/video\/12491007?byline=0&amp;portrait=0\" width=\"576\" height=\"461\" frameborder=\"0\"><\/iframe><\/p>\n<p>Deux courtes minutes d&rsquo;images de ces com\u00e9diens qui, bien qu&rsquo;amateurs, se donnent corps et \u00e2me sur les planches pour incarner cette pi\u00e8ce d&rsquo;anticipation.<br \/>\nCela vous donne-t-il envie de venir les voir ?<\/p>\n<p><!-- \t\t@page { margin: 2cm } \t\tP { margin-bottom: 0.21cm } --><\/p>\n<p><span style=\"font-size: small;\">En juin 2009, je souhaitais que les \u00e9l\u00e8ves, avec qui je venais de faire un bout de chemin, tiennent d\u00e9sormais un personnage sur la dur\u00e9e d&rsquo;une pi\u00e8ce de th\u00e9\u00e2tre, qu&rsquo;ils puissent en explorer tous les m\u00e9andres.<\/span><\/p>\n<p><span style=\"font-size: small;\">J&rsquo;ai donc entrepris un casting \u00e0 l&rsquo;envers: ayant les acteurs, j&rsquo;ai cherch\u00e9 les personnages.<\/span><\/p>\n<p><span style=\"font-size: small;\">Des personnages qui, d&rsquo;un c\u00f4t\u00e9, feraient appel \u00e0 leurs aptitudes particuli\u00e8res d\u00e9j\u00e0 d\u00e9montr\u00e9es et, de l&rsquo;autre, les am\u00e8neraient \u00e0 progresser dans leurs points faibles. Des personnages qui leur permettraient de d\u00e9ployer toute leur sensibilit\u00e9 naturelle mais aussi d&rsquo;accoster des rivages inconnus.<\/span><\/p>\n<p><span style=\"font-size: small;\">A partir de ces \u00e9l\u00e9ments de base, Denis a \u00e9crit durant l&rsquo;\u00e9t\u00e9 une pi\u00e8ce pour eux.<\/span><\/p>\n<p><span style=\"font-size: small;\">Une pi\u00e8ce qui devait faire de chacun un personnage principal.<\/span><\/p>\n<p lang=\"en-US\"><span style=\"font-size: small;\">Cette pi\u00e8ce d&rsquo;anticipation intitul\u00e9e <em>2069<\/em> a bien s\u00fbr \u00e9volu\u00e9e lors des r\u00e9p\u00e9titions gr\u00e2ce aux propositions de chacun.<\/span><\/p>\n<p><span style=\"font-size: small;\">Pour l&rsquo;interpr\u00e9ter, Florian, Lucien et Marwan ont rejoint le groupe en septembre et la troupe des <em>Cosmics Reliefs<\/em> est n\u00e9e.<\/span><\/p>\n<p><span style=\"font-size: small;\"><br \/>\n<\/span><\/p>\n<p><!-- \t\t@page { margin: 2cm } \t\tP { margin-bottom: 0.21cm } --><\/p>\n<p lang=\"en-US\"><span style=\"font-size: small;\"><span style=\"text-decoration: underline;\"><strong>2069 : le pitch<\/strong><\/span><\/span><\/p>\n<p lang=\"zxx\"><span style=\"font-size: small;\">Une date, un cataclysme sentimental. D\u00e9sormais la vie est \u00e9ternelle et tout devient \u00e9ph\u00e9m\u00e8re. D\u00e9sormais il n&rsquo;y a plus ni couples ni enfants. Chacun trompe sa solitude \u00e0 l&rsquo;Erotic Park. Jusqu&rsquo;au jour o\u00f9 un \u00e9tranger d\u00e9barque et tout est remis en question.<\/span><\/p>\n<p lang=\"en-US\">\n<p lang=\"en-US\">\n<p>La troupe a jou\u00e9 la pi\u00e8ce \u00e0 L&rsquo;Esperluette et au Forum des Images, Paris.<br \/>\n<iframe loading=\"lazy\" src=\"http:\/\/player.vimeo.com\/video\/21076504?byline=0&amp;portrait=0\" width=\"576\" height=\"418\" frameborder=\"0\"><\/iframe><\/p>\n<p>Pr\u00e9sentation des personnages de \u00ab\u00a02069\u00a0\u00bb, pi\u00e8ce \u00e9crite par Denis Bertrand et jou\u00e9e par les Cosmics Reliefs, mes \u00e9l\u00e8ves amateurs en 2010<\/p>\n<p>En voici quelques images, quelques notes de musique et quelques mots, dans l&rsquo;ordre alphab\u00e9tique des personnages :<\/p>\n<p><!-- \t\t@page { margin: 2cm } \t\tP { margin-bottom: 0.21cm } --><a href=\"http:\/\/julienlahmi.com\/professeur\/les-annees-passees\/2069-3\/callahan\"><span style=\"font-family: Courier New,monospace;\">CALLAHAN \u2026\u2026\u2026\u2026\u2026\u2026\u2026\u2026\u2026\u2026\u2026\u2026\u2026\u2026\u2026\u2026\u2026\u2026\u2026\u2026\u2026\u2026\u2026\u2026\u2026\u2026\u2026\u2026\u2026\u2026 <\/span><span style=\"font-family: Courier New,monospace;\">Florian Mazelin<\/span><\/a><\/p>\n<p lang=\"en-GB\"><a href=\"http:\/\/julienlahmi.com\/professeur\/les-annees-passees\/2069-3\/costello\"><span style=\"font-family: Courier New,monospace;\">COSTELLO\t\u2026\u2026\u2026\u2026\u2026\u2026\u2026\u2026\u2026\u2026\u2026\u2026\u2026\u2026\u2026\u2026\u2026\u2026\u2026\u2026\u2026\u2026\u2026\u2026\u2026\u2026\u2026\u2026\u2026\u2026 C\u00e9dric Afouda<\/span><\/a><\/p>\n<p lang=\"en-GB\"><a href=\"http:\/\/julienlahmi.com\/professeur\/les-annees-passees\/2069-3\/harmony\"><span style=\"font-family: Courier New,monospace;\">HARMONY \u2026\u2026\u2026\u2026\u2026\u2026\u2026\u2026\u2026\u2026\u2026\u2026\u2026\u2026\u2026\u2026\u2026\u2026\u2026\u2026\u2026\u2026\u2026\u2026\u2026\u2026\u2026\u2026\u2026\u2026\u2026 Jihane Srour<\/span><\/a><\/p>\n<p lang=\"en-GB\"><a href=\"http:\/\/julienlahmi.com\/professeur\/les-annees-passees\/2069-3\/kamikaze\"><span style=\"font-family: Courier New,monospace;\">KAMIKAZE\t\u2026\u2026\u2026\u2026\u2026\u2026\u2026\u2026\u2026\u2026\u2026\u2026\u2026\u2026\u2026\u2026\u2026\u2026\u2026\u2026\u2026\u2026\u2026\u2026\u2026\u2026\u2026\u2026\u2026\u2026 Denis Bertrand<\/span><\/a><\/p>\n<p><a href=\"http:\/\/julienlahmi.com\/professeur\/les-annees-passees\/2069-3\/karma\"><span style=\"font-family: Courier New,monospace;\">KARMA    \u2026\u2026\u2026\u2026\u2026\u2026\u2026\u2026\u2026\u2026\u2026\u2026\u2026\u2026\u2026\u2026\u2026\u2026\u2026\u2026\u2026\u2026\u2026\u2026\u2026\u2026\u2026\u2026\u2026\u2026\u2026\u2026\u2026\t Julien Le Gallo<\/span><\/a><\/p>\n<p><a href=\"http:\/\/julienlahmi.com\/professeur\/les-annees-passees\/2069-3\/paris\"><span style=\"font-family: Courier New,monospace;\">P\u00c2RIS    \u2026\u2026\u2026\u2026\u2026\u2026\u2026\u2026\u2026\u2026\u2026\u2026\u2026\u2026\u2026\u2026\u2026\u2026\u2026\u2026\u2026\u2026\u2026\u2026\u2026\u2026\u2026\u2026\u2026\u2026\u2026\u2026\u2026\t Lucien Bonnet<\/span><\/a><\/p>\n<p><a href=\"http:\/\/julienlahmi.com\/professeur\/les-annees-passees\/2069-3\/rachel\"><span style=\"font-family: Courier New,monospace;\">RACHEL  \u2026\u2026\u2026\u2026\u2026\u2026\u2026\u2026\u2026\u2026\u2026\u2026\u2026\u2026\u2026\u2026\u2026\u2026\u2026\u2026\u2026\u2026\u2026\u2026\u2026\u2026\u2026\u2026\u2026\u2026\u2026\u2026\t B\u00e9n\u00e9dicte Geffray<\/span><\/a><\/p>\n<p lang=\"en-GB\"><a href=\"http:\/\/julienlahmi.com\/professeur\/les-annees-passees\/2069-3\/rashomon\"><span style=\"font-family: Courier New,monospace;\">RASHOMON\t\u2026\u2026\u2026\u2026\u2026\u2026\u2026\u2026\u2026\u2026\u2026\u2026\u2026\u2026\u2026\u2026\u2026\u2026\u2026\u2026\u2026\u2026\u2026\u2026\u2026\u2026\u2026\u2026\u2026\u2026 Marouane Elidrissi<\/span><\/a><\/p>\n<p lang=\"en-GB\"><a href=\"http:\/\/julienlahmi.com\/professeur\/les-annees-passees\/2069-3\/ripley\"><span style=\"font-family: Courier New,monospace;\">RIPLEY\t\u2026\u2026\u2026\u2026\u2026\u2026\u2026\u2026\u2026\u2026\u2026\u2026\u2026\u2026\u2026\u2026\u2026\u2026\u2026\u2026\u2026\u2026\u2026\u2026\u2026\u2026\u2026\u2026\u2026\u2026\u2026\u2026 Nadia Boukouti<\/span><\/a><\/p>\n<p><a href=\"http:\/\/julienlahmi.com\/professeur\/les-annees-passees\/2069-3\/lovoides\"><span style=\"font-family: Courier New,monospace;\">LOVOIDES\u2026\u2026\u2026\u2026\u2026\u2026\u2026\u2026\u2026\u2026\u2026\u2026\u2026\u2026\u2026\u2026\u2026\u2026\u2026\u2026\u2026\u2026<\/span>\u2026\u2026\u2026\u2026<span style=\"font-family: Courier New,monospace;\"> <\/span><span style=\"font-family: Courier New,monospace;\"><span style=\"font-size: xx-small;\">Interpr\u00e9t\u00e9(e) par les diff\u00e9rents com\u00e9diens<\/span><\/span><\/a><\/p>\n<p><!-- \t\t@page { margin: 2cm } \t\tP { margin-bottom: 0.21cm } --><a href=\"http:\/\/julienlahmi.com\/professeur\/les-annees-passees\/2069-3\/photos-bonus\"><span style=\"color: #ff3366;\"><span style=\"font-family: Arial,sans-serif;\"><strong>ET QUELQUES PHOTOS BONUS !<\/strong><\/span><\/span><\/a><\/p>\n","protected":false},"excerpt":{"rendered":"\nDeux courtes minutes d&rsquo;images de ces com\u00e9diens qui, bien qu&rsquo;amateurs, se donnent corps et \u00e2me sur les planches pour incarner cette pi\u00e8ce d&rsquo;anticipation.\nCela vous donne-t-il &hellip;","protected":false},"author":2,"featured_media":0,"parent":11,"menu_order":0,"comment_status":"open","ping_status":"open","template":"","meta":[],"_links":{"self":[{"href":"https:\/\/julienlahmi.com\/professeur\/wp-json\/wp\/v2\/pages\/482"}],"collection":[{"href":"https:\/\/julienlahmi.com\/professeur\/wp-json\/wp\/v2\/pages"}],"about":[{"href":"https:\/\/julienlahmi.com\/professeur\/wp-json\/wp\/v2\/types\/page"}],"author":[{"embeddable":true,"href":"https:\/\/julienlahmi.com\/professeur\/wp-json\/wp\/v2\/users\/2"}],"replies":[{"embeddable":true,"href":"https:\/\/julienlahmi.com\/professeur\/wp-json\/wp\/v2\/comments?post=482"}],"version-history":[{"count":46,"href":"https:\/\/julienlahmi.com\/professeur\/wp-json\/wp\/v2\/pages\/482\/revisions"}],"predecessor-version":[{"id":534,"href":"https:\/\/julienlahmi.com\/professeur\/wp-json\/wp\/v2\/pages\/482\/revisions\/534"}],"up":[{"embeddable":true,"href":"https:\/\/julienlahmi.com\/professeur\/wp-json\/wp\/v2\/pages\/11"}],"wp:attachment":[{"href":"https:\/\/julienlahmi.com\/professeur\/wp-json\/wp\/v2\/media?parent=482"}],"curies":[{"name":"wp","href":"https:\/\/api.w.org\/{rel}","templated":true}]}}