{"id":570,"date":"2010-09-07T17:23:26","date_gmt":"2010-09-07T15:23:26","guid":{"rendered":"http:\/\/julienlahmi.com\/professeur"},"modified":"2010-09-07T17:23:26","modified_gmt":"2010-09-07T15:23:26","slug":"harmony","status":"publish","type":"page","link":"https:\/\/julienlahmi.com\/professeur\/les-annees-passees\/2069-3\/harmony\/","title":{"rendered":"HARMONY"},"content":{"rendered":"<p><a href=\"http:\/\/julienlahmi.com\/professeur\/wp-content\/uploads\/2010\/09\/HARMONY-INTERIEUR-Oshkosh-bend-.mp3\">Musique int\u00e9rieure du personnage<\/a><\/p>\n\n\t\t<style type=\"text\/css\">\n\t\t\t#gallery-1 {\n\t\t\t\tmargin: auto;\n\t\t\t}\n\t\t\t#gallery-1 .gallery-item {\n\t\t\t\tfloat: left;\n\t\t\t\tmargin-top: 10px;\n\t\t\t\ttext-align: center;\n\t\t\t\twidth: 33%;\n\t\t\t}\n\t\t\t#gallery-1 img {\n\t\t\t\tborder: 2px solid #cfcfcf;\n\t\t\t}\n\t\t\t#gallery-1 .gallery-caption {\n\t\t\t\tmargin-left: 0;\n\t\t\t}\n\t\t\t\/* see gallery_shortcode() in wp-includes\/media.php *\/\n\t\t<\/style>\n\t\t<div id='gallery-1' class='gallery galleryid-570 gallery-columns-3 gallery-size-thumbnail'><dl class='gallery-item'>\n\t\t\t<dt class='gallery-icon landscape'>\n\t\t\t\t<a href='https:\/\/julienlahmi.com\/professeur\/les-annees-passees\/2069-3\/harmony\/j%e2%80%99ai-cherche-en-vain-a-me-faire-aimer-sans-savoir-que-c%e2%80%99etait-un-leurre-maintenant-dieu-est-mort-tout-est-permis\/'><img width=\"150\" height=\"150\" src=\"https:\/\/julienlahmi.com\/professeur\/wp-content\/uploads\/2010\/09\/J\u2019ai-cherch\u00e9-en-vain-\u00e0-me-faire-aimer-sans-savoir-que-c\u2019\u00e9tait-un-leurre.-Maintenant-Dieu-est-mort.-Tout-est-permis-150x150.jpg\" class=\"attachment-thumbnail size-thumbnail\" alt=\"\" loading=\"lazy\" \/><\/a>\n\t\t\t<\/dt><\/dl><dl class='gallery-item'>\n\t\t\t<dt class='gallery-icon landscape'>\n\t\t\t\t<a href='https:\/\/julienlahmi.com\/professeur\/les-annees-passees\/2069-3\/harmony\/est-ce-que-le-bonheur-c%e2%80%99est-juste-de-desirer-ce-que-lon-a-deja\/'><img width=\"150\" height=\"150\" src=\"https:\/\/julienlahmi.com\/professeur\/wp-content\/uploads\/2010\/09\/Est-ce-que-le-bonheur-c\u2019est-juste-de-d\u00e9sirer-ce-que-lon-a-d\u00e9j\u00e0-150x150.jpg\" class=\"attachment-thumbnail size-thumbnail\" alt=\"\" loading=\"lazy\" \/><\/a>\n\t\t\t<\/dt><\/dl><dl class='gallery-item'>\n\t\t\t<dt class='gallery-icon landscape'>\n\t\t\t\t<a href='https:\/\/julienlahmi.com\/professeur\/les-annees-passees\/2069-3\/harmony\/etre-malheureux-a-cause-de-quelquun-ce-nest-pas-grave-ce-qui-est-grave-cest-d%e2%80%99etre-malheureux-a-cause-de-personne\/'><img width=\"150\" height=\"150\" src=\"https:\/\/julienlahmi.com\/professeur\/wp-content\/uploads\/2010\/09\/Etre-malheureux-\u00e0-cause-de-quelquun-ce-nest-pas-grave.-Ce-qui-est-grave-cest-d\u2019\u00eatre-malheureux-\u00e0-cause-de-personne.-150x150.jpg\" class=\"attachment-thumbnail size-thumbnail\" alt=\"\" loading=\"lazy\" \/><\/a>\n\t\t\t<\/dt><\/dl><br style=\"clear: both\" \/>\n\t\t<\/div>\n\n","protected":false},"excerpt":{"rendered":"Musique int\u00e9rieure du personnage\n\n\t\t<style type=\"text\/css\">\n\t\t\t#gallery-2 {\n\t\t\t\tmargin: auto;\n\t\t\t}\n\t\t\t#gallery-2 .gallery-item {\n\t\t\t\tfloat: left;\n\t\t\t\tmargin-top: 10px;\n\t\t\t\ttext-align: center;\n\t\t\t\twidth: 33%;\n\t\t\t}\n\t\t\t#gallery-2 img {\n\t\t\t\tborder: 2px solid #cfcfcf;\n\t\t\t}\n\t\t\t#gallery-2 .gallery-caption {\n\t\t\t\tmargin-left: 0;\n\t\t\t}\n\t\t\t\/* see gallery_shortcode() in wp-includes\/media.php &hellip;","protected":false},"author":2,"featured_media":0,"parent":482,"menu_order":0,"comment_status":"open","ping_status":"open","template":"","meta":[],"_links":{"self":[{"href":"https:\/\/julienlahmi.com\/professeur\/wp-json\/wp\/v2\/pages\/570"}],"collection":[{"href":"https:\/\/julienlahmi.com\/professeur\/wp-json\/wp\/v2\/pages"}],"about":[{"href":"https:\/\/julienlahmi.com\/professeur\/wp-json\/wp\/v2\/types\/page"}],"author":[{"embeddable":true,"href":"https:\/\/julienlahmi.com\/professeur\/wp-json\/wp\/v2\/users\/2"}],"replies":[{"embeddable":true,"href":"https:\/\/julienlahmi.com\/professeur\/wp-json\/wp\/v2\/comments?post=570"}],"version-history":[{"count":1,"href":"https:\/\/julienlahmi.com\/professeur\/wp-json\/wp\/v2\/pages\/570\/revisions"}],"predecessor-version":[{"id":575,"href":"https:\/\/julienlahmi.com\/professeur\/wp-json\/wp\/v2\/pages\/570\/revisions\/575"}],"up":[{"embeddable":true,"href":"https:\/\/julienlahmi.com\/professeur\/wp-json\/wp\/v2\/pages\/482"}],"wp:attachment":[{"href":"https:\/\/julienlahmi.com\/professeur\/wp-json\/wp\/v2\/media?parent=570"}],"curies":[{"name":"wp","href":"https:\/\/api.w.org\/{rel}","templated":true}]}}