{"id":600,"date":"2010-09-07T18:41:14","date_gmt":"2010-09-07T16:41:14","guid":{"rendered":"http:\/\/julienlahmi.com\/professeur"},"modified":"2010-09-09T08:57:31","modified_gmt":"2010-09-09T06:57:31","slug":"rachel","status":"publish","type":"page","link":"https:\/\/julienlahmi.com\/professeur\/les-annees-passees\/2069-3\/rachel\/","title":{"rendered":"RACHEL"},"content":{"rendered":"<p><a href=\"http:\/\/julienlahmi.com\/professeur\/wp-content\/uploads\/2010\/09\/RACHEL-EXTERIEUR-Assassins-Tango-.mp3\">Musique de l&rsquo;ext\u00e9rieur du personnage<\/a><\/p>\n\n\t\t<style type=\"text\/css\">\n\t\t\t#gallery-1 {\n\t\t\t\tmargin: auto;\n\t\t\t}\n\t\t\t#gallery-1 .gallery-item {\n\t\t\t\tfloat: left;\n\t\t\t\tmargin-top: 10px;\n\t\t\t\ttext-align: center;\n\t\t\t\twidth: 33%;\n\t\t\t}\n\t\t\t#gallery-1 img {\n\t\t\t\tborder: 2px solid #cfcfcf;\n\t\t\t}\n\t\t\t#gallery-1 .gallery-caption {\n\t\t\t\tmargin-left: 0;\n\t\t\t}\n\t\t\t\/* see gallery_shortcode() in wp-includes\/media.php *\/\n\t\t<\/style>\n\t\t<div id='gallery-1' class='gallery galleryid-600 gallery-columns-3 gallery-size-thumbnail'><dl class='gallery-item'>\n\t\t\t<dt class='gallery-icon landscape'>\n\t\t\t\t<a href='https:\/\/julienlahmi.com\/professeur\/les-annees-passees\/2069-3\/rachel\/une-femme-a-qui-on-empeche-de-donner-la-vie-peut-commettre-des-actes-irreparables\/'><img width=\"150\" height=\"150\" src=\"https:\/\/julienlahmi.com\/professeur\/wp-content\/uploads\/2010\/09\/Une-femme-\u00e0-qui-on-emp\u00eache-de-donner-la-vie-peut-commettre-des-actes-irr\u00e9parables-150x150.jpg\" class=\"attachment-thumbnail size-thumbnail\" alt=\"\" loading=\"lazy\" \/><\/a>\n\t\t\t<\/dt><\/dl><dl class='gallery-item'>\n\t\t\t<dt class='gallery-icon landscape'>\n\t\t\t\t<a href='https:\/\/julienlahmi.com\/professeur\/les-annees-passees\/2069-3\/rachel\/quand-je-sens-que-je-ne-desire-plus-assez-je-me-fais-desirer-davantage\/'><img width=\"150\" height=\"150\" src=\"https:\/\/julienlahmi.com\/professeur\/wp-content\/uploads\/2010\/09\/Quand-je-sens-que-je-ne-d\u00e9sire-plus-assez-je-me-fais-d\u00e9sirer-davantage-150x150.jpg\" class=\"attachment-thumbnail size-thumbnail\" alt=\"\" loading=\"lazy\" \/><\/a>\n\t\t\t<\/dt><\/dl><dl class='gallery-item'>\n\t\t\t<dt class='gallery-icon landscape'>\n\t\t\t\t<a href='https:\/\/julienlahmi.com\/professeur\/les-annees-passees\/2069-3\/rachel\/flirter-avec-un-homme-ce-n%e2%80%99est-pas-dire-la-verite-c%e2%80%99est-presenter-une-image-de-soi-que-l%e2%80%99on-croit-que-l%e2%80%99autre-souhaite-voir\/'><img width=\"150\" height=\"150\" src=\"https:\/\/julienlahmi.com\/professeur\/wp-content\/uploads\/2010\/09\/Flirter-avec-un-homme-ce-n\u2019est-pas-dire-la-v\u00e9rit\u00e9-c\u2019est-pr\u00e9senter-une-image-de-soi-que-l\u2019on-croit-que-l\u2019autre-souhaite-voir-150x150.jpg\" class=\"attachment-thumbnail size-thumbnail\" alt=\"\" loading=\"lazy\" \/><\/a>\n\t\t\t<\/dt><\/dl><br style=\"clear: both\" \/>\n\t\t<\/div>\n\n","protected":false},"excerpt":{"rendered":"Musique de l&rsquo;ext\u00e9rieur du personnage\n\n\t\t<style type=\"text\/css\">\n\t\t\t#gallery-2 {\n\t\t\t\tmargin: auto;\n\t\t\t}\n\t\t\t#gallery-2 .gallery-item {\n\t\t\t\tfloat: left;\n\t\t\t\tmargin-top: 10px;\n\t\t\t\ttext-align: center;\n\t\t\t\twidth: 33%;\n\t\t\t}\n\t\t\t#gallery-2 img {\n\t\t\t\tborder: 2px solid #cfcfcf;\n\t\t\t}\n\t\t\t#gallery-2 .gallery-caption {\n\t\t\t\tmargin-left: 0;\n\t\t\t}\n\t\t\t\/* see gallery_shortcode() in &hellip;","protected":false},"author":2,"featured_media":0,"parent":482,"menu_order":0,"comment_status":"open","ping_status":"open","template":"","meta":[],"_links":{"self":[{"href":"https:\/\/julienlahmi.com\/professeur\/wp-json\/wp\/v2\/pages\/600"}],"collection":[{"href":"https:\/\/julienlahmi.com\/professeur\/wp-json\/wp\/v2\/pages"}],"about":[{"href":"https:\/\/julienlahmi.com\/professeur\/wp-json\/wp\/v2\/types\/page"}],"author":[{"embeddable":true,"href":"https:\/\/julienlahmi.com\/professeur\/wp-json\/wp\/v2\/users\/2"}],"replies":[{"embeddable":true,"href":"https:\/\/julienlahmi.com\/professeur\/wp-json\/wp\/v2\/comments?post=600"}],"version-history":[{"count":2,"href":"https:\/\/julienlahmi.com\/professeur\/wp-json\/wp\/v2\/pages\/600\/revisions"}],"predecessor-version":[{"id":615,"href":"https:\/\/julienlahmi.com\/professeur\/wp-json\/wp\/v2\/pages\/600\/revisions\/615"}],"up":[{"embeddable":true,"href":"https:\/\/julienlahmi.com\/professeur\/wp-json\/wp\/v2\/pages\/482"}],"wp:attachment":[{"href":"https:\/\/julienlahmi.com\/professeur\/wp-json\/wp\/v2\/media?parent=600"}],"curies":[{"name":"wp","href":"https:\/\/api.w.org\/{rel}","templated":true}]}}