{"id":817,"date":"2010-09-13T18:05:01","date_gmt":"2010-09-13T16:05:01","guid":{"rendered":"http:\/\/julienlahmi.com\/professeur"},"modified":"2010-09-13T18:18:19","modified_gmt":"2010-09-13T16:18:19","slug":"2007-2","status":"publish","type":"page","link":"https:\/\/julienlahmi.com\/professeur\/les-annees-passees\/2007-2\/","title":{"rendered":"2007"},"content":{"rendered":"<p><!-- \t\t@page { margin: 2cm } \t\tP { margin-bottom: 0.21cm } -->Les cours se sont d\u00e9roul\u00e9s \u00e0 la salle Da Mota.<\/p>\n<p>Des com\u00e9diens amateurs et des com\u00e9diens professionnels s&rsquo;y sont crois\u00e9s.<\/p>\n<p>Dans l&rsquo;ordre alphab\u00e9tique :<\/p>\n<p>Agnieszka, Carole, Charlotte, Chehid, Christophe, Lor\u00e8ne, Morgane, Nicolas, Stefania, V\u00e9ronique<\/p>\n\n\t\t<style type=\"text\/css\">\n\t\t\t#gallery-1 {\n\t\t\t\tmargin: auto;\n\t\t\t}\n\t\t\t#gallery-1 .gallery-item {\n\t\t\t\tfloat: left;\n\t\t\t\tmargin-top: 10px;\n\t\t\t\ttext-align: center;\n\t\t\t\twidth: 25%;\n\t\t\t}\n\t\t\t#gallery-1 img {\n\t\t\t\tborder: 2px solid #cfcfcf;\n\t\t\t}\n\t\t\t#gallery-1 .gallery-caption {\n\t\t\t\tmargin-left: 0;\n\t\t\t}\n\t\t\t\/* see gallery_shortcode() in wp-includes\/media.php *\/\n\t\t<\/style>\n\t\t<div id='gallery-1' class='gallery galleryid-817 gallery-columns-4 gallery-size-thumbnail'><dl class='gallery-item'>\n\t\t\t<dt class='gallery-icon landscape'>\n\t\t\t\t<a href='https:\/\/julienlahmi.com\/professeur\/les-annees-passees\/2007-2\/construction-physique-de-personnage\/'><img width=\"150\" height=\"150\" src=\"https:\/\/julienlahmi.com\/professeur\/wp-content\/uploads\/2010\/09\/construction-physique-de-personnage-150x150.jpg\" class=\"attachment-thumbnail size-thumbnail\" alt=\"\" loading=\"lazy\" \/><\/a>\n\t\t\t<\/dt><\/dl><dl class='gallery-item'>\n\t\t\t<dt class='gallery-icon landscape'>\n\t\t\t\t<a href='https:\/\/julienlahmi.com\/professeur\/les-annees-passees\/2007-2\/demasque\/'><img width=\"150\" height=\"150\" src=\"https:\/\/julienlahmi.com\/professeur\/wp-content\/uploads\/2010\/09\/d\u00e9masqu\u00e9-150x150.jpg\" class=\"attachment-thumbnail size-thumbnail\" alt=\"\" loading=\"lazy\" \/><\/a>\n\t\t\t<\/dt><\/dl><dl class='gallery-item'>\n\t\t\t<dt class='gallery-icon landscape'>\n\t\t\t\t<a href='https:\/\/julienlahmi.com\/professeur\/les-annees-passees\/2007-2\/demasquee\/'><img width=\"150\" height=\"150\" src=\"https:\/\/julienlahmi.com\/professeur\/wp-content\/uploads\/2010\/09\/d\u00e9masqu\u00e9e-150x150.jpg\" class=\"attachment-thumbnail size-thumbnail\" alt=\"\" loading=\"lazy\" \/><\/a>\n\t\t\t<\/dt><\/dl><dl class='gallery-item'>\n\t\t\t<dt class='gallery-icon landscape'>\n\t\t\t\t<a href='https:\/\/julienlahmi.com\/professeur\/les-annees-passees\/2007-2\/exercice-avec-les-objets\/'><img width=\"150\" height=\"150\" src=\"https:\/\/julienlahmi.com\/professeur\/wp-content\/uploads\/2010\/09\/exercice-avec-les-objets-150x150.jpg\" class=\"attachment-thumbnail size-thumbnail\" alt=\"\" loading=\"lazy\" \/><\/a>\n\t\t\t<\/dt><\/dl><br style=\"clear: both\" \/><dl class='gallery-item'>\n\t\t\t<dt class='gallery-icon landscape'>\n\t\t\t\t<a href='https:\/\/julienlahmi.com\/professeur\/les-annees-passees\/2007-2\/exercice-avec-un-objet\/'><img width=\"150\" height=\"150\" src=\"https:\/\/julienlahmi.com\/professeur\/wp-content\/uploads\/2010\/09\/exercice-avec-un-objet-150x150.jpg\" class=\"attachment-thumbnail size-thumbnail\" alt=\"\" loading=\"lazy\" \/><\/a>\n\t\t\t<\/dt><\/dl><dl class='gallery-item'>\n\t\t\t<dt class='gallery-icon landscape'>\n\t\t\t\t<a href='https:\/\/julienlahmi.com\/professeur\/les-annees-passees\/2007-2\/exercice-des-fleurs-bleues\/'><img width=\"150\" height=\"150\" src=\"https:\/\/julienlahmi.com\/professeur\/wp-content\/uploads\/2010\/09\/exercice-des-fleurs-bleues-150x150.jpg\" class=\"attachment-thumbnail size-thumbnail\" alt=\"\" loading=\"lazy\" \/><\/a>\n\t\t\t<\/dt><\/dl><dl class='gallery-item'>\n\t\t\t<dt class='gallery-icon landscape'>\n\t\t\t\t<a href='https:\/\/julienlahmi.com\/professeur\/les-annees-passees\/2007-2\/exercice-du-gobelet-2\/'><img width=\"150\" height=\"150\" src=\"https:\/\/julienlahmi.com\/professeur\/wp-content\/uploads\/2010\/09\/Exercice-du-gobelet1-150x150.jpg\" class=\"attachment-thumbnail size-thumbnail\" alt=\"\" loading=\"lazy\" \/><\/a>\n\t\t\t<\/dt><\/dl><dl class='gallery-item'>\n\t\t\t<dt class='gallery-icon landscape'>\n\t\t\t\t<a href='https:\/\/julienlahmi.com\/professeur\/les-annees-passees\/2007-2\/exercice-du-manteau-rouge\/'><img width=\"150\" height=\"150\" src=\"https:\/\/julienlahmi.com\/professeur\/wp-content\/uploads\/2010\/09\/Exercice-du-manteau-rouge-150x150.jpg\" class=\"attachment-thumbnail size-thumbnail\" alt=\"\" loading=\"lazy\" \/><\/a>\n\t\t\t<\/dt><\/dl><br style=\"clear: both\" \/><dl class='gallery-item'>\n\t\t\t<dt class='gallery-icon landscape'>\n\t\t\t\t<a href='https:\/\/julienlahmi.com\/professeur\/les-annees-passees\/2007-2\/exercice-du-mythe\/'><img width=\"150\" height=\"150\" src=\"https:\/\/julienlahmi.com\/professeur\/wp-content\/uploads\/2010\/09\/exercice-du-mythe-150x150.jpg\" class=\"attachment-thumbnail size-thumbnail\" alt=\"\" loading=\"lazy\" \/><\/a>\n\t\t\t<\/dt><\/dl><dl class='gallery-item'>\n\t\t\t<dt class='gallery-icon landscape'>\n\t\t\t\t<a href='https:\/\/julienlahmi.com\/professeur\/les-annees-passees\/2007-2\/exercice-du-rire-desynchro\/'><img width=\"150\" height=\"150\" src=\"https:\/\/julienlahmi.com\/professeur\/wp-content\/uploads\/2010\/09\/Exercice-du-rire-d\u00e9synchro-150x150.jpg\" class=\"attachment-thumbnail size-thumbnail\" alt=\"\" loading=\"lazy\" \/><\/a>\n\t\t\t<\/dt><\/dl><dl class='gallery-item'>\n\t\t\t<dt class='gallery-icon landscape'>\n\t\t\t\t<a href='https:\/\/julienlahmi.com\/professeur\/les-annees-passees\/2007-2\/le-regard-de-charlotte\/'><img width=\"150\" height=\"150\" src=\"https:\/\/julienlahmi.com\/professeur\/wp-content\/uploads\/2010\/09\/le-regard-de-Charlotte-150x150.jpg\" class=\"attachment-thumbnail size-thumbnail\" alt=\"\" loading=\"lazy\" \/><\/a>\n\t\t\t<\/dt><\/dl><dl class='gallery-item'>\n\t\t\t<dt class='gallery-icon landscape'>\n\t\t\t\t<a href='https:\/\/julienlahmi.com\/professeur\/les-annees-passees\/2007-2\/le-regard-de-chehid\/'><img width=\"150\" height=\"150\" src=\"https:\/\/julienlahmi.com\/professeur\/wp-content\/uploads\/2010\/09\/Le-regard-de-Chehid-150x150.jpg\" class=\"attachment-thumbnail size-thumbnail\" alt=\"\" loading=\"lazy\" \/><\/a>\n\t\t\t<\/dt><\/dl><br style=\"clear: both\" \/><dl class='gallery-item'>\n\t\t\t<dt class='gallery-icon landscape'>\n\t\t\t\t<a href='https:\/\/julienlahmi.com\/professeur\/les-annees-passees\/2007-2\/regard-de-carole\/'><img width=\"150\" height=\"150\" src=\"https:\/\/julienlahmi.com\/professeur\/wp-content\/uploads\/2010\/09\/regard-de-Carole-150x150.jpg\" class=\"attachment-thumbnail size-thumbnail\" alt=\"\" loading=\"lazy\" \/><\/a>\n\t\t\t<\/dt><\/dl><dl class='gallery-item'>\n\t\t\t<dt class='gallery-icon landscape'>\n\t\t\t\t<a href='https:\/\/julienlahmi.com\/professeur\/les-annees-passees\/2007-2\/transmission-dobjet\/'><img width=\"150\" height=\"150\" src=\"https:\/\/julienlahmi.com\/professeur\/wp-content\/uploads\/2010\/09\/transmission-dobjet-150x150.jpg\" class=\"attachment-thumbnail size-thumbnail\" alt=\"\" loading=\"lazy\" \/><\/a>\n\t\t\t<\/dt><\/dl><dl class='gallery-item'>\n\t\t\t<dt class='gallery-icon landscape'>\n\t\t\t\t<a href='https:\/\/julienlahmi.com\/professeur\/les-annees-passees\/2007-2\/un-conte\/'><img width=\"150\" height=\"150\" src=\"https:\/\/julienlahmi.com\/professeur\/wp-content\/uploads\/2010\/09\/un-conte-150x150.jpg\" class=\"attachment-thumbnail size-thumbnail\" alt=\"\" loading=\"lazy\" \/><\/a>\n\t\t\t<\/dt><\/dl><dl class='gallery-item'>\n\t\t\t<dt class='gallery-icon landscape'>\n\t\t\t\t<a href='https:\/\/julienlahmi.com\/professeur\/les-annees-passees\/2007-2\/une-pomme\/'><img width=\"150\" height=\"150\" src=\"https:\/\/julienlahmi.com\/professeur\/wp-content\/uploads\/2010\/09\/une-pomme-150x150.jpg\" class=\"attachment-thumbnail size-thumbnail\" alt=\"\" loading=\"lazy\" \/><\/a>\n\t\t\t<\/dt><\/dl><br style=\"clear: both\" \/>\n\t\t<\/div>\n\n","protected":false},"excerpt":{"rendered":"Les cours se sont d\u00e9roul\u00e9s \u00e0 la salle Da Mota.\nDes com\u00e9diens amateurs et des com\u00e9diens professionnels s&rsquo;y sont crois\u00e9s.\nDans l&rsquo;ordre alphab\u00e9tique :\nAgnieszka, Carole, Charlotte, Chehid, &hellip;","protected":false},"author":2,"featured_media":0,"parent":11,"menu_order":0,"comment_status":"open","ping_status":"open","template":"","meta":[],"_links":{"self":[{"href":"https:\/\/julienlahmi.com\/professeur\/wp-json\/wp\/v2\/pages\/817"}],"collection":[{"href":"https:\/\/julienlahmi.com\/professeur\/wp-json\/wp\/v2\/pages"}],"about":[{"href":"https:\/\/julienlahmi.com\/professeur\/wp-json\/wp\/v2\/types\/page"}],"author":[{"embeddable":true,"href":"https:\/\/julienlahmi.com\/professeur\/wp-json\/wp\/v2\/users\/2"}],"replies":[{"embeddable":true,"href":"https:\/\/julienlahmi.com\/professeur\/wp-json\/wp\/v2\/comments?post=817"}],"version-history":[{"count":3,"href":"https:\/\/julienlahmi.com\/professeur\/wp-json\/wp\/v2\/pages\/817\/revisions"}],"predecessor-version":[{"id":837,"href":"https:\/\/julienlahmi.com\/professeur\/wp-json\/wp\/v2\/pages\/817\/revisions\/837"}],"up":[{"embeddable":true,"href":"https:\/\/julienlahmi.com\/professeur\/wp-json\/wp\/v2\/pages\/11"}],"wp:attachment":[{"href":"https:\/\/julienlahmi.com\/professeur\/wp-json\/wp\/v2\/media?parent=817"}],"curies":[{"name":"wp","href":"https:\/\/api.w.org\/{rel}","templated":true}]}}